{"id":1012,"date":"2020-10-29T00:21:51","date_gmt":"2020-10-28T22:21:51","guid":{"rendered":"https:\/\/www.pajeczesieci.pl\/male-dogs\/hill-pajecze-sieci\/"},"modified":"2020-11-28T15:12:04","modified_gmt":"2020-11-28T13:12:04","slug":"hill-pajecze-sieci","status":"publish","type":"page","link":"https:\/\/pajeczesieci.pl\/en\/male-dogs\/hill-pajecze-sieci\/","title":{"rendered":"HILL Paj\u0119cze Sieci"},"content":{"rendered":"<p>[et_pb_section fb_built=&#8221;1&#8243; _builder_version=&#8221;4.6.1&#8243; _module_preset=&#8221;default&#8221;][et_pb_row column_structure=&#8221;1_2,1_2&#8243; _builder_version=&#8221;4.6.1&#8243; _module_preset=&#8221;default&#8221;][et_pb_column type=&#8221;1_2&#8243; _builder_version=&#8221;4.6.1&#8243; _module_preset=&#8221;default&#8221;][et_pb_text _builder_version=&#8221;4.6.1&#8243; _module_preset=&#8221;default&#8221;]<\/p>\n<h1><strong>HILL Paj\u0119cze Sieci<\/strong><\/h1>\n<p>born: 07.03.2016<br \/>Training:\u00a0<strong>BH ; IPO 1<\/strong><br \/>Dysplasia:\u00a0<strong>( Poland ) HD &#8211; A : EP &#8211; 0,0<\/strong><\/p>\n<p>Lineage:<\/p>\n<table class=\"enola_rod\" border=\"1\" cellspacing=\"0\" cellpadding=\"0\">\n<tbody>\n<tr>\n<td class=\"head\"><span style=\"color: #660000;\">Parents<\/span><\/td>\n<td class=\"head\"><span style=\"color: #660000;\">Grandparents<\/span><\/td>\n<td class=\"head\"><span style=\"color: #660000;\">Great-grandparents<\/span><\/td>\n<\/tr>\n<tr>\n<td rowspan=\"4\"><span style=\"color: #0000ff;\"><b>GARO vom team Panoniansee<\/b><\/span><\/td>\n<td rowspan=\"2\">URSUS von Panoniaansee<\/td>\n<td>REMO vom Fichtenschlag<\/td>\n<\/tr>\n<tr>\n<td>DEBBY vom Team Panonian See<\/td>\n<\/tr>\n<tr>\n<td rowspan=\"2\">IZZY vom Funken spiel<\/td>\n<td>RONI vom funken spiel<\/td>\n<\/tr>\n<tr>\n<td>HISTORY vom Funken Spiel<\/td>\n<\/tr>\n<tr>\n<td rowspan=\"4\"><span style=\"color: #ff00ff;\"><b>DHERBY Hexenland (FCI)<\/b><\/span><\/td>\n<td rowspan=\"2\">ZELLO von der Neudenauer Holzsteige<\/td>\n<td>PAKROS D&#8217;ulmental<\/td>\n<\/tr>\n<tr>\n<td>URI von der Neudenauer Holzsteige<\/td>\n<\/tr>\n<tr>\n<td rowspan=\"2\">ALES vom Finkenschlag<\/td>\n<td>ZITO vom Steckenpferd<\/td>\n<\/tr>\n<tr>\n<td>Conbhairean LINZI<\/td>\n<\/tr>\n<\/tbody>\n<\/table>\n<p>[\/et_pb_text][\/et_pb_column][et_pb_column type=&#8221;1_2&#8243; _builder_version=&#8221;4.6.1&#8243; _module_preset=&#8221;default&#8221;][et_pb_image src=&#8221;https:\/\/www.pajeczesieci.pl\/wp-content\/uploads\/2020\/11\/01_hill_foto1-scaled.jpg&#8221; title_text=&#8221;01_hill_foto1&#8243; _builder_version=&#8221;4.6.1&#8243; _module_preset=&#8221;default&#8221;][\/et_pb_image][et_pb_image src=&#8221;https:\/\/www.pajeczesieci.pl\/wp-content\/uploads\/2020\/11\/02_hill_foto2.jpg&#8221; title_text=&#8221;02_hill_foto2&#8243; show_in_lightbox=&#8221;on&#8221; _builder_version=&#8221;4.6.1&#8243; _module_preset=&#8221;default&#8221; width=&#8221;51%&#8221;][\/et_pb_image][\/et_pb_column][\/et_pb_row][et_pb_row column_structure=&#8221;1_2,1_2&#8243; _builder_version=&#8221;4.6.1&#8243; _module_preset=&#8221;default&#8221;][et_pb_column type=&#8221;1_2&#8243; _builder_version=&#8221;4.6.1&#8243; _module_preset=&#8221;default&#8221;][et_pb_text _builder_version=&#8221;4.6.1&#8243; _module_preset=&#8221;default&#8221;]<\/p>\n<h2>Achievements:<\/h2>\n<p>1. 29.01.2017 &#8211; VI ExpoSilesia-DogShow &#8211; Sosnowiec<br \/> lokata 1 , medal z\u0142oty , s\u0119dzia: Andrzej Kotulski<\/p>\n<p>2. 17.06.2017 &#8211; Krajowa Wystawa Ps\u00f3w Rasowych &#8211; KRAK\u00d3W<\/p>\n<p>ocena: doskona\u0142a, ;zwyciezca m\u0142odzie\u017cy, lokata 1, s\u0119dzia: Sebastian Handy<\/p>\n<p>3. 18.06.2017 &#8211; Mi\u0119dzynarodowa Wystawa Ps\u00f3w Rasowych &#8211; KRAK\u00d3W<\/p>\n<p>ocena: doskona\u0142a, lokata 1, s\u0119dzia: Valentin Fedorov<\/p>\n<p>4. 17.09.2017 &#8211; Klubowa Wystawa Owczark\u00f3w Niemieckich &#8211; JAROCIN<br \/> ocena: bardzo dobra, lokata 4, s\u0119dzia: Torsten Kopp<\/p>\n<p>5. 15.10.2017 &#8211; Krajowa Wystawa Owczark\u00f3w Niemieckich &#8211; CZCH\u00d3W<br \/> ocena: bardzo dobra,\u00a0 lokata 3, s\u0119dzia: Ulrich Hausmann<\/p>\n<p>6 .28.01.2018 &#8211; VII Zimowa krajowa Wystawa Ps\u00f3w Rasowych ExpoSilesia-DogShow &#8211; SOSNOWIEC<br \/> s\u0119dzia: Joanna Doma\u0144ska<\/p>\n<p>7. 16.06.2018 &#8211; Krajowa Wystawa Ps\u00f3w Rasowych &#8211; KRAK\u00d3W<br \/> lokata 1 , CWC, s\u0119dzia: Iwona Madziarska<\/p>\n<p>8. 17.06.2018 &#8211; Mi\u0119dzynarodowa Wystawa Ps\u00f3w Rasowych &#8211; KRAK\u00d3W<br \/> lokata 1 , CWC , CACIB , Best of Opposite Sex, s\u0119dzia: Juraj Staudinger<\/p>\n<p>[\/et_pb_text][\/et_pb_column][et_pb_column type=&#8221;1_2&#8243; _builder_version=&#8221;4.6.1&#8243; _module_preset=&#8221;default&#8221;][et_pb_gallery gallery_ids=&#8221;431,433&#8243; show_title_and_caption=&#8221;off&#8221; show_pagination=&#8221;off&#8221; _builder_version=&#8221;4.6.1&#8243; _module_preset=&#8221;default&#8221;][\/et_pb_gallery][et_pb_gallery gallery_ids=&#8221;435,667&#8243; posts_number=&#8221;2&#8243; orientation=&#8221;portrait&#8221; show_title_and_caption=&#8221;off&#8221; show_pagination=&#8221;off&#8221; _builder_version=&#8221;4.6.1&#8243; _module_preset=&#8221;default&#8221;][\/et_pb_gallery][\/et_pb_column][\/et_pb_row][\/et_pb_section]<\/p>\n","protected":false},"excerpt":{"rendered":"<p>HILL Paj\u0119cze Sieci born: 07.03.2016Training:\u00a0BH ; IPO 1Dysplasia:\u00a0( Poland ) HD &#8211; A : EP &#8211; 0,0 Lineage: Parents Grandparents Great-grandparents GARO vom team Panoniansee URSUS von Panoniaansee REMO vom Fichtenschlag DEBBY vom Team Panonian See IZZY vom Funken spiel RONI vom funken spiel HISTORY vom Funken Spiel DHERBY Hexenland (FCI) ZELLO von der Neudenauer [&hellip;]<\/p>\n","protected":false},"author":1,"featured_media":0,"parent":977,"menu_order":0,"comment_status":"closed","ping_status":"closed","template":"","meta":{"_et_pb_use_builder":"on","_et_pb_old_content":"","_et_gb_content_width":""},"yoast_head":"<!-- This site is optimized with the Yoast SEO plugin v16.1.1 - https:\/\/yoast.com\/wordpress\/plugins\/seo\/ -->\n<title>HILL Paj\u0119cze Sieci - PajeczeSieci<\/title>\n<meta name=\"robots\" content=\"index, follow, max-snippet:-1, max-image-preview:large, max-video-preview:-1\" \/>\n<link rel=\"canonical\" href=\"https:\/\/pajeczesieci.pl\/male-dogs\/hill-pajecze-sieci\/\" \/>\n<meta property=\"og:locale\" content=\"pl_PL\" \/>\n<meta property=\"og:type\" content=\"article\" \/>\n<meta property=\"og:title\" content=\"HILL Paj\u0119cze Sieci - PajeczeSieci\" \/>\n<meta property=\"og:description\" content=\"HILL Paj\u0119cze Sieci born: 07.03.2016Training:\u00a0BH ; IPO 1Dysplasia:\u00a0( Poland ) HD - A : EP - 0,0 Lineage: Parents Grandparents Great-grandparents GARO vom team Panoniansee URSUS von Panoniaansee REMO vom Fichtenschlag DEBBY vom Team Panonian See IZZY vom Funken spiel RONI vom funken spiel HISTORY vom Funken Spiel DHERBY Hexenland (FCI) ZELLO von der Neudenauer [&hellip;]\" \/>\n<meta property=\"og:url\" content=\"https:\/\/pajeczesieci.pl\/en\/male-dogs\/hill-pajecze-sieci\/\" \/>\n<meta property=\"og:site_name\" content=\"PajeczeSieci\" \/>\n<meta property=\"article:modified_time\" content=\"2020-11-28T13:12:04+00:00\" \/>\n<meta name=\"twitter:card\" content=\"summary_large_image\" \/>\n<meta name=\"twitter:label1\" content=\"Szacowany czas czytania\">\n\t<meta name=\"twitter:data1\" content=\"2 minuty\">\n<script type=\"application\/ld+json\" class=\"yoast-schema-graph\">{\"@context\":\"https:\/\/schema.org\",\"@graph\":[{\"@type\":\"Organization\",\"@id\":\"https:\/\/pajeczesieci.pl\/#organization\",\"name\":\"Hodowla kr\\u00f3tkow\\u0142osych owczark\\u00f3w niemieckich Paj\\u0119cze Sieci\",\"url\":\"https:\/\/pajeczesieci.pl\/\",\"sameAs\":[],\"logo\":{\"@type\":\"ImageObject\",\"@id\":\"https:\/\/pajeczesieci.pl\/#logo\",\"inLanguage\":\"pl-PL\",\"url\":\"https:\/\/www.pajeczesieci.pl\/wp-content\/uploads\/2020\/11\/pajecze_sieci_640x640.png\",\"contentUrl\":\"https:\/\/www.pajeczesieci.pl\/wp-content\/uploads\/2020\/11\/pajecze_sieci_640x640.png\",\"width\":640,\"height\":640,\"caption\":\"Hodowla kr\\u00f3tkow\\u0142osych owczark\\u00f3w niemieckich Paj\\u0119cze Sieci\"},\"image\":{\"@id\":\"https:\/\/pajeczesieci.pl\/#logo\"}},{\"@type\":\"WebSite\",\"@id\":\"https:\/\/pajeczesieci.pl\/#website\",\"url\":\"https:\/\/pajeczesieci.pl\/\",\"name\":\"PajeczeSieci\",\"description\":\"Kolejna witryna WordPress\",\"publisher\":{\"@id\":\"https:\/\/pajeczesieci.pl\/#organization\"},\"potentialAction\":[{\"@type\":\"SearchAction\",\"target\":\"https:\/\/pajeczesieci.pl\/?s={search_term_string}\",\"query-input\":\"required name=search_term_string\"}],\"inLanguage\":\"pl-PL\"},{\"@type\":\"WebPage\",\"@id\":\"https:\/\/pajeczesieci.pl\/en\/male-dogs\/hill-pajecze-sieci\/#webpage\",\"url\":\"https:\/\/pajeczesieci.pl\/en\/male-dogs\/hill-pajecze-sieci\/\",\"name\":\"HILL Paj\\u0119cze Sieci - PajeczeSieci\",\"isPartOf\":{\"@id\":\"https:\/\/pajeczesieci.pl\/#website\"},\"datePublished\":\"2020-10-28T22:21:51+00:00\",\"dateModified\":\"2020-11-28T13:12:04+00:00\",\"breadcrumb\":{\"@id\":\"https:\/\/pajeczesieci.pl\/en\/male-dogs\/hill-pajecze-sieci\/#breadcrumb\"},\"inLanguage\":\"pl-PL\",\"potentialAction\":[{\"@type\":\"ReadAction\",\"target\":[\"https:\/\/pajeczesieci.pl\/en\/male-dogs\/hill-pajecze-sieci\/\"]}]},{\"@type\":\"BreadcrumbList\",\"@id\":\"https:\/\/pajeczesieci.pl\/en\/male-dogs\/hill-pajecze-sieci\/#breadcrumb\",\"itemListElement\":[{\"@type\":\"ListItem\",\"position\":1,\"item\":{\"@type\":\"WebPage\",\"@id\":\"https:\/\/pajeczesieci.pl\/\",\"url\":\"https:\/\/pajeczesieci.pl\/\",\"name\":\"Hodowla owczark\\u00f3w niemieckich\"}},{\"@type\":\"ListItem\",\"position\":2,\"item\":{\"@type\":\"WebPage\",\"@id\":\"https:\/\/pajeczesieci.pl\/nasze-psy\/\",\"url\":\"https:\/\/pajeczesieci.pl\/nasze-psy\/\",\"name\":\"Male dogs\"}},{\"@type\":\"ListItem\",\"position\":3,\"item\":{\"@type\":\"WebPage\",\"@id\":\"https:\/\/pajeczesieci.pl\/en\/male-dogs\/hill-pajecze-sieci\/\",\"url\":\"https:\/\/pajeczesieci.pl\/en\/male-dogs\/hill-pajecze-sieci\/\",\"name\":\"HILL Paj\\u0119cze Sieci\"}}]}]}<\/script>\n<!-- \/ Yoast SEO plugin. -->","_links":{"self":[{"href":"https:\/\/pajeczesieci.pl\/en\/wp-json\/wp\/v2\/pages\/1012\/"}],"collection":[{"href":"https:\/\/pajeczesieci.pl\/en\/wp-json\/wp\/v2\/pages\/"}],"about":[{"href":"https:\/\/pajeczesieci.pl\/en\/wp-json\/wp\/v2\/types\/page\/"}],"author":[{"embeddable":true,"href":"https:\/\/pajeczesieci.pl\/en\/wp-json\/wp\/v2\/users\/1\/"}],"replies":[{"embeddable":true,"href":"https:\/\/pajeczesieci.pl\/en\/wp-json\/wp\/v2\/comments\/?post=1012"}],"version-history":[{"count":2,"href":"https:\/\/pajeczesieci.pl\/en\/wp-json\/wp\/v2\/pages\/1012\/revisions\/"}],"predecessor-version":[{"id":1015,"href":"https:\/\/pajeczesieci.pl\/en\/wp-json\/wp\/v2\/pages\/1012\/revisions\/1015\/"}],"up":[{"embeddable":true,"href":"https:\/\/pajeczesieci.pl\/en\/wp-json\/wp\/v2\/pages\/977\/"}],"wp:attachment":[{"href":"https:\/\/pajeczesieci.pl\/en\/wp-json\/wp\/v2\/media\/?parent=1012"}],"curies":[{"name":"wp","href":"https:\/\/api.w.org\/{rel}","templated":true}]}}