{"id":1017,"date":"2020-11-01T22:10:13","date_gmt":"2020-11-01T20:10:13","guid":{"rendered":"https:\/\/www.pajeczesieci.pl\/male-dogs\/gaudi-smilowickie-wilki\/"},"modified":"2020-11-28T15:20:13","modified_gmt":"2020-11-28T13:20:13","slug":"gaudi-smilowickie-wilki","status":"publish","type":"page","link":"https:\/\/pajeczesieci.pl\/en\/male-dogs\/gaudi-smilowickie-wilki\/","title":{"rendered":"Gaudi \u015amilowickie Wilki"},"content":{"rendered":"<p>[et_pb_section fb_built=&#8221;1&#8243; _builder_version=&#8221;4.6.1&#8243; _module_preset=&#8221;default&#8221;][et_pb_row column_structure=&#8221;1_2,1_2&#8243; _builder_version=&#8221;4.6.1&#8243; _module_preset=&#8221;default&#8221;][et_pb_column type=&#8221;1_2&#8243; _builder_version=&#8221;4.6.1&#8243; _module_preset=&#8221;default&#8221;][et_pb_text _builder_version=&#8221;4.6.1&#8243; _module_preset=&#8221;default&#8221;]<\/p>\n<h1><strong>GAUDI \u015ami\u0142owickie Wilki<\/strong><\/h1>\n<p><span>Born. 22.11.2017<\/span><br \/><span>Training:\u00a0<\/span><strong>BH ; IPO 1<\/strong><span><\/span><br \/><span>Dysplasia:\u00a0<\/span><strong>( Polskie ) HD &#8211; A<\/strong><\/p>\n<p>Rodow\u00f3d: <a href=\"http:\/\/www.pedigreedatabase.com\/german_shepherd_dog\/dog.html?id=2846248-gaudi-smilowickie-wilki\">link<\/a><\/p>\n<table class=\"enola_rod\" border=\"1\" cellspacing=\"0\" cellpadding=\"0\">\n<tbody>\n<tr>\n<td class=\"head\"><span style=\"color: #660000;\"><span>Parents<\/span><\/span><\/td>\n<td class=\"head\"><span style=\"color: #660000;\"><span>Grandparents<\/span><\/span><\/td>\n<td class=\"head\"><span style=\"color: #660000;\"><span>Great-grandparents<\/span><\/span><\/td>\n<\/tr>\n<tr>\n<td rowspan=\"4\"><span style=\"color: #0000ff;\"><b>GORAN vom Bierstadter hof<\/b><\/span><\/td>\n<td rowspan=\"2\">MEMPHIS vom Solebrunnen<\/td>\n<td>WALLABY vom kapellenberg<\/td>\n<\/tr>\n<tr>\n<td>PAULA vom kaditzer land<\/td>\n<\/tr>\n<tr>\n<td rowspan=\"2\">WULKANA vom Bierstadter hof<\/td>\n<td>LENNOX von regina pacis<\/td>\n<\/tr>\n<tr>\n<td>FENDI vom Agilolfinger<\/td>\n<\/tr>\n<tr>\n<td rowspan=\"4\"><span style=\"color: #ff00ff;\"><b>HASSEL ze Wzg\u00f3rza Palatynu<\/b><\/span><\/td>\n<td rowspan=\"2\">PEPE vom Kuckucksland<\/td>\n<td>FULZ di zenevredo<\/td>\n<\/tr>\n<tr>\n<td>BELLA vom Kuckucksland<\/td>\n<\/tr>\n<tr>\n<td rowspan=\"2\">GALIA ze Wzg\u00f3rza Palatynu<\/td>\n<td>AREX von der Wilhelmswarte<\/td>\n<\/tr>\n<tr>\n<td>CHANELL vom Frankengold<\/td>\n<\/tr>\n<\/tbody>\n<\/table>\n<p>[\/et_pb_text][\/et_pb_column][et_pb_column type=&#8221;1_2&#8243; _builder_version=&#8221;4.6.1&#8243; _module_preset=&#8221;default&#8221; custom_padding=&#8221;178px||||false|false&#8221; custom_padding_tablet=&#8221;0px||||false|false&#8221; custom_padding_phone=&#8221;&#8221; custom_padding_last_edited=&#8221;on|phone&#8221;][et_pb_image src=&#8221;https:\/\/www.pajeczesieci.pl\/wp-content\/uploads\/2020\/11\/gaudi1.jpg&#8221; title_text=&#8221;gaudi1&#8243; _builder_version=&#8221;4.6.1&#8243; _module_preset=&#8221;default&#8221;][\/et_pb_image][\/et_pb_column][\/et_pb_row][et_pb_row column_structure=&#8221;1_2,1_2&#8243; _builder_version=&#8221;4.6.1&#8243; _module_preset=&#8221;default&#8221;][et_pb_column type=&#8221;1_2&#8243; _builder_version=&#8221;4.6.1&#8243; _module_preset=&#8221;default&#8221;][et_pb_text _builder_version=&#8221;4.6.1&#8243; _module_preset=&#8221;default&#8221; hover_enabled=&#8221;0&#8243; sticky_enabled=&#8221;0&#8243;]<\/p>\n<h2><strong>Achievements:<\/strong><\/h2>\n<p><span><\/span><span><\/span><br \/> <span>1. 16-17.03.2019 &#8211; XXVI &#8211; Krajowa Wystawa Ps\u00f3w Rasowych &#8211; RACIB\u00d3RZ, ZAKRZ\u00d3W<br \/> ocena: doskona\u0142a, zwyci\u0119zca m\u0142odzie\u017cy, lokata: 1<\/span><span>, s\u0119dzia: Jacek Pazdan<\/span><\/p>\n<p><span>2. 27-28.04.2019 &#8211; Mi\u0119dzynarodowa Wystawa Ps\u00f3w Rasowych &#8211; OPOLE<br \/> ocena: doskona\u0142a,\u00a0<\/span><span>lokata 2 , s\u0119dzia: Jiri Zavadilik<\/span><\/p>\n<p><span>3. 12.05.2019 &#8211; Wystawa Owczark\u00f3w Niemieckich &#8211; \u015aWIRKLANIEC<br \/> ocena: bardzo dobra,\u00a0<\/span><span>lokata 4, s\u0119dzia: Bernd Weber<\/span><\/p>\n<p><span>4. 08.06.2019 &#8211; Mi\u0119dzynarodowa Wystawa Ps\u00f3w Rasowych &#8211; BYTOM<br \/> ocena: doskona\u0142a,\u00a0<\/span><span>lokata 1, s\u0119dzia: Stanis\u0142aw Ab\u0142amowicz<\/span><\/p>\n<p><span>5. 07.09.2019 &#8211; Krajowa Wystawa Ps\u00f3w Rasowych &#8211; CZCH\u00d3W<br \/> ocena: doskona\u0142a; CWC,<\/span><span>\u00a0<\/span><span>lokata 1 , s\u0119dzia: Pawe\u0142 Tiahnynok<\/span><\/p>\n<p>[\/et_pb_text][\/et_pb_column][et_pb_column type=&#8221;1_2&#8243; _builder_version=&#8221;4.6.1&#8243; _module_preset=&#8221;default&#8221;][\/et_pb_column][\/et_pb_row][\/et_pb_section]<\/p>\n","protected":false},"excerpt":{"rendered":"<p>GAUDI \u015ami\u0142owickie Wilki Born. 22.11.2017Training:\u00a0BH ; IPO 1Dysplasia:\u00a0( Polskie ) HD &#8211; A Rodow\u00f3d: link Parents Grandparents Great-grandparents GORAN vom Bierstadter hof MEMPHIS vom Solebrunnen WALLABY vom kapellenberg PAULA vom kaditzer land WULKANA vom Bierstadter hof LENNOX von regina pacis FENDI vom Agilolfinger HASSEL ze Wzg\u00f3rza Palatynu PEPE vom Kuckucksland FULZ di zenevredo BELLA vom [&hellip;]<\/p>\n","protected":false},"author":1,"featured_media":0,"parent":977,"menu_order":0,"comment_status":"closed","ping_status":"closed","template":"","meta":{"_et_pb_use_builder":"on","_et_pb_old_content":"","_et_gb_content_width":""},"yoast_head":"<!-- This site is optimized with the Yoast SEO plugin v16.1.1 - https:\/\/yoast.com\/wordpress\/plugins\/seo\/ -->\n<title>Gaudi \u015amilowickie Wilki - PajeczeSieci<\/title>\n<meta name=\"robots\" content=\"index, follow, max-snippet:-1, max-image-preview:large, max-video-preview:-1\" \/>\n<link rel=\"canonical\" href=\"https:\/\/pajeczesieci.pl\/male-dogs\/gaudi-smilowickie-wilki\/\" \/>\n<meta property=\"og:locale\" content=\"pl_PL\" \/>\n<meta property=\"og:type\" content=\"article\" \/>\n<meta property=\"og:title\" content=\"Gaudi \u015amilowickie Wilki - PajeczeSieci\" \/>\n<meta property=\"og:description\" content=\"GAUDI \u015ami\u0142owickie Wilki Born. 22.11.2017Training:\u00a0BH ; IPO 1Dysplasia:\u00a0( Polskie ) HD - A Rodow\u00f3d: link Parents Grandparents Great-grandparents GORAN vom Bierstadter hof MEMPHIS vom Solebrunnen WALLABY vom kapellenberg PAULA vom kaditzer land WULKANA vom Bierstadter hof LENNOX von regina pacis FENDI vom Agilolfinger HASSEL ze Wzg\u00f3rza Palatynu PEPE vom Kuckucksland FULZ di zenevredo BELLA vom [&hellip;]\" \/>\n<meta property=\"og:url\" content=\"https:\/\/pajeczesieci.pl\/en\/male-dogs\/gaudi-smilowickie-wilki\/\" \/>\n<meta property=\"og:site_name\" content=\"PajeczeSieci\" \/>\n<meta property=\"article:modified_time\" content=\"2020-11-28T13:20:13+00:00\" \/>\n<meta name=\"twitter:card\" content=\"summary_large_image\" \/>\n<meta name=\"twitter:label1\" content=\"Szacowany czas czytania\">\n\t<meta name=\"twitter:data1\" content=\"2 minuty\">\n<script type=\"application\/ld+json\" class=\"yoast-schema-graph\">{\"@context\":\"https:\/\/schema.org\",\"@graph\":[{\"@type\":\"Organization\",\"@id\":\"https:\/\/pajeczesieci.pl\/#organization\",\"name\":\"Hodowla kr\\u00f3tkow\\u0142osych owczark\\u00f3w niemieckich Paj\\u0119cze Sieci\",\"url\":\"https:\/\/pajeczesieci.pl\/\",\"sameAs\":[],\"logo\":{\"@type\":\"ImageObject\",\"@id\":\"https:\/\/pajeczesieci.pl\/#logo\",\"inLanguage\":\"pl-PL\",\"url\":\"https:\/\/www.pajeczesieci.pl\/wp-content\/uploads\/2020\/11\/pajecze_sieci_640x640.png\",\"contentUrl\":\"https:\/\/www.pajeczesieci.pl\/wp-content\/uploads\/2020\/11\/pajecze_sieci_640x640.png\",\"width\":640,\"height\":640,\"caption\":\"Hodowla kr\\u00f3tkow\\u0142osych owczark\\u00f3w niemieckich Paj\\u0119cze Sieci\"},\"image\":{\"@id\":\"https:\/\/pajeczesieci.pl\/#logo\"}},{\"@type\":\"WebSite\",\"@id\":\"https:\/\/pajeczesieci.pl\/#website\",\"url\":\"https:\/\/pajeczesieci.pl\/\",\"name\":\"PajeczeSieci\",\"description\":\"Kolejna witryna WordPress\",\"publisher\":{\"@id\":\"https:\/\/pajeczesieci.pl\/#organization\"},\"potentialAction\":[{\"@type\":\"SearchAction\",\"target\":\"https:\/\/pajeczesieci.pl\/?s={search_term_string}\",\"query-input\":\"required name=search_term_string\"}],\"inLanguage\":\"pl-PL\"},{\"@type\":\"WebPage\",\"@id\":\"https:\/\/pajeczesieci.pl\/en\/male-dogs\/gaudi-smilowickie-wilki\/#webpage\",\"url\":\"https:\/\/pajeczesieci.pl\/en\/male-dogs\/gaudi-smilowickie-wilki\/\",\"name\":\"Gaudi \\u015amilowickie Wilki - PajeczeSieci\",\"isPartOf\":{\"@id\":\"https:\/\/pajeczesieci.pl\/#website\"},\"datePublished\":\"2020-11-01T20:10:13+00:00\",\"dateModified\":\"2020-11-28T13:20:13+00:00\",\"breadcrumb\":{\"@id\":\"https:\/\/pajeczesieci.pl\/en\/male-dogs\/gaudi-smilowickie-wilki\/#breadcrumb\"},\"inLanguage\":\"pl-PL\",\"potentialAction\":[{\"@type\":\"ReadAction\",\"target\":[\"https:\/\/pajeczesieci.pl\/en\/male-dogs\/gaudi-smilowickie-wilki\/\"]}]},{\"@type\":\"BreadcrumbList\",\"@id\":\"https:\/\/pajeczesieci.pl\/en\/male-dogs\/gaudi-smilowickie-wilki\/#breadcrumb\",\"itemListElement\":[{\"@type\":\"ListItem\",\"position\":1,\"item\":{\"@type\":\"WebPage\",\"@id\":\"https:\/\/pajeczesieci.pl\/\",\"url\":\"https:\/\/pajeczesieci.pl\/\",\"name\":\"Hodowla owczark\\u00f3w niemieckich\"}},{\"@type\":\"ListItem\",\"position\":2,\"item\":{\"@type\":\"WebPage\",\"@id\":\"https:\/\/pajeczesieci.pl\/nasze-psy\/\",\"url\":\"https:\/\/pajeczesieci.pl\/nasze-psy\/\",\"name\":\"Male dogs\"}},{\"@type\":\"ListItem\",\"position\":3,\"item\":{\"@type\":\"WebPage\",\"@id\":\"https:\/\/pajeczesieci.pl\/en\/male-dogs\/gaudi-smilowickie-wilki\/\",\"url\":\"https:\/\/pajeczesieci.pl\/en\/male-dogs\/gaudi-smilowickie-wilki\/\",\"name\":\"Gaudi \\u015amilowickie Wilki\"}}]}]}<\/script>\n<!-- \/ Yoast SEO plugin. -->","_links":{"self":[{"href":"https:\/\/pajeczesieci.pl\/en\/wp-json\/wp\/v2\/pages\/1017\/"}],"collection":[{"href":"https:\/\/pajeczesieci.pl\/en\/wp-json\/wp\/v2\/pages\/"}],"about":[{"href":"https:\/\/pajeczesieci.pl\/en\/wp-json\/wp\/v2\/types\/page\/"}],"author":[{"embeddable":true,"href":"https:\/\/pajeczesieci.pl\/en\/wp-json\/wp\/v2\/users\/1\/"}],"replies":[{"embeddable":true,"href":"https:\/\/pajeczesieci.pl\/en\/wp-json\/wp\/v2\/comments\/?post=1017"}],"version-history":[{"count":2,"href":"https:\/\/pajeczesieci.pl\/en\/wp-json\/wp\/v2\/pages\/1017\/revisions\/"}],"predecessor-version":[{"id":1020,"href":"https:\/\/pajeczesieci.pl\/en\/wp-json\/wp\/v2\/pages\/1017\/revisions\/1020\/"}],"up":[{"embeddable":true,"href":"https:\/\/pajeczesieci.pl\/en\/wp-json\/wp\/v2\/pages\/977\/"}],"wp:attachment":[{"href":"https:\/\/pajeczesieci.pl\/en\/wp-json\/wp\/v2\/media\/?parent=1017"}],"curies":[{"name":"wp","href":"https:\/\/api.w.org\/{rel}","templated":true}]}}