{"id":1023,"date":"2020-11-01T22:06:23","date_gmt":"2020-11-01T20:06:23","guid":{"rendered":"https:\/\/www.pajeczesieci.pl\/male-dogs\/dux-pajecze-sieci\/"},"modified":"2020-11-28T15:26:45","modified_gmt":"2020-11-28T13:26:45","slug":"dux-pajecze-sieci","status":"publish","type":"page","link":"https:\/\/pajeczesieci.pl\/en\/male-dogs\/dux-pajecze-sieci\/","title":{"rendered":"DUX Paj\u0119cze Sieci"},"content":{"rendered":"<p>[et_pb_section fb_built=&#8221;1&#8243; _builder_version=&#8221;4.6.1&#8243; _module_preset=&#8221;default&#8221;][et_pb_row column_structure=&#8221;1_2,1_2&#8243; _builder_version=&#8221;4.6.1&#8243; _module_preset=&#8221;default&#8221;][et_pb_column type=&#8221;1_2&#8243; _builder_version=&#8221;4.6.1&#8243; _module_preset=&#8221;default&#8221;][et_pb_text _builder_version=&#8221;4.6.1&#8243; _module_preset=&#8221;default&#8221;]<\/p>\n<h1><strong>DUX Paj\u0119cze Sieci<\/strong><\/h1>\n<p>Born: 18.09.2010<br \/><span>Training<\/span>:\u00a0<strong>PT ; BH ; IPO 1<\/strong><br \/><span>Dysplasia<\/span>:\u00a0<strong>( Polskie ) HD &#8211; A<\/strong><\/p>\n<p><span>Lineage<\/span>:<\/p>\n<table class=\"enola_rod\" border=\"1\" cellspacing=\"0\" cellpadding=\"0\">\n<tbody>\n<tr>\n<td class=\"head\"><span style=\"color: #660000;\">Parents<\/span><\/td>\n<td class=\"head\"><span style=\"color: #660000;\"><span>Grandparents<\/span><\/span><\/td>\n<td class=\"head\"><span style=\"color: #660000;\"><span>Great-grandparents<\/span><\/span><\/td>\n<\/tr>\n<tr>\n<td rowspan=\"4\"><span style=\"color: #0000ff;\"><b>ULTIMMO Avax Hof<\/b><\/span><\/td>\n<td rowspan=\"2\">ANDRJUSHA von Noort<\/td>\n<td>HILL v. Farbenspiel<\/td>\n<\/tr>\n<tr>\n<td>ENDREFALVA Chicoletti<\/td>\n<\/tr>\n<tr>\n<td rowspan=\"2\">DION Avax Fof<\/td>\n<td>ERASMUS van Noort<\/td>\n<\/tr>\n<tr>\n<td>ARLETI Avax CS<\/td>\n<\/tr>\n<tr>\n<td rowspan=\"4\"><span style=\"color: #ff00ff;\"><b>ROMY z Hamandy<\/b><\/span><\/td>\n<td rowspan=\"2\">CANTO di Casa Massarelli<\/td>\n<td>ILLO di Casa Massarelli<\/td>\n<\/tr>\n<tr>\n<td>GENY di Casa Massarelli<\/td>\n<\/tr>\n<tr>\n<td rowspan=\"2\">GEISCHA z Hamandy<\/td>\n<td>INDO v.d. Noriswand<\/td>\n<\/tr>\n<tr>\n<td>ENKE v. Kaibach<\/td>\n<\/tr>\n<\/tbody>\n<\/table>\n<p>[\/et_pb_text][\/et_pb_column][et_pb_column type=&#8221;1_2&#8243; _builder_version=&#8221;4.6.1&#8243; _module_preset=&#8221;default&#8221;][et_pb_image src=&#8221;https:\/\/www.pajeczesieci.pl\/wp-content\/uploads\/2020\/11\/dux1mm.jpg&#8221; title_text=&#8221;dux1mm&#8221; _builder_version=&#8221;4.6.1&#8243; _module_preset=&#8221;default&#8221;][\/et_pb_image][et_pb_image src=&#8221;https:\/\/www.pajeczesieci.pl\/wp-content\/uploads\/2020\/11\/dux3.jpg&#8221; title_text=&#8221;dux3&#8243; _builder_version=&#8221;4.6.1&#8243; _module_preset=&#8221;default&#8221; custom_padding=&#8221;|99px||||&#8221;][\/et_pb_image][\/et_pb_column][\/et_pb_row][et_pb_row column_structure=&#8221;1_2,1_2&#8243; _builder_version=&#8221;4.6.1&#8243; _module_preset=&#8221;default&#8221;][et_pb_column type=&#8221;1_2&#8243; _builder_version=&#8221;4.6.1&#8243; _module_preset=&#8221;default&#8221;][et_pb_text _builder_version=&#8221;4.6.1&#8243; _module_preset=&#8221;default&#8221; hover_enabled=&#8221;0&#8243; sticky_enabled=&#8221;0&#8243;]<\/p>\n<h2><strong>Achievements:<\/strong><\/h2>\n<p><span><\/span><span><\/span><br \/> <span>1 * 25.06.2011 &#8211; Krajowa Wystawa Owczark\u00f3w Niemieckich &#8211; Krak\u00f3w<br \/> lokata 1 \/ 2 , medal z\u0142oty ,s\u0119dzia: Milan Hulo<\/span><\/p>\n<p>2 * 25.06.2011 &#8211; Mi\u0119dzynarodowa Wystawa Ps\u00f3w Rasowych &#8211; Krak\u00f3w<br \/> lokata 2 \/ 4 , medal srebrny , s\u0119dzia: Iwona Madziarska<\/p>\n<p>3 * 10.07.2011 &#8211; Wystawa Ps\u00f3w Rasowych &#8211; Nowy Targ<br \/> lokata 1 \/ 6 , medal z\u0142oty , s\u0119dzia: Bogus\u0142aw Chmiel<\/p>\n<p>4 * 24.09.2011 &#8211; Mi\u0119dzynarodowa Wystawa Ps\u00f3w Rasowych &#8211; Wroc\u0142aw<br \/> lokata 1 \/ 3 , medal z\u0142oty , s\u0119dzia: Bogus\u0142aw Chmiel<\/p>\n<p>5 * 25.09.2011 &#8211; Wystawa Ps\u00f3w Rasowych &#8211; Czch\u00f3w &#8211; Zapora<br \/> lokata 2 \/ 4 , medal srebrny , s\u0119dzia: Frank Peter Knaul (SV &#8211; Niemcy)<\/p>\n<p>6 * 15.10.2011 &#8211; Wystawa Ps\u00f3w Rasowych &#8211; Brzesko &#8211; Czch\u00f3w &#8211; Zapora<br \/> lokata 2 \/ 8 , medal srebrny , s\u0119dzia: Jungen Hofmann (SV &#8211; Niemcy)<\/p>\n<p>7 * 17.03.2012 &#8211; Mi\u0119dzynarodowa Wystawa Ps\u00f3w Rasowych &#8211; Katowice<br \/> lokata 2 \/ 3 , medal srebrny , s\u0119dzia: Iwona Madziarska<\/p>\n<p>8 * 16.06.2012 &#8211; Krajowa Wystawa Owczark\u00f3w Niemieckich &#8211; Krak\u00f3w<br \/> lokata 2 ,medal srebrny ,s\u0119dzia: Marek Czerniakowski<\/p>\n<p>9 * 17.06.2012 &#8211; Mi\u0119dzynarodowa Wystawa Ps\u00f3w Rasowych &#8211; Krak\u00f3w<br \/> lokata 1 \/ 4 CWC , Res. CACIB ,medal z\u0142oty ,s\u0119dzia: Jaroslav Matyas ( SK )<\/p>\n<p>10 * 15.06.2013 &#8211; Krajowa Wystawa Owczark\u00f3w Niemieckich &#8211; Krak\u00f3w<br \/> lokata 1 ,medal z\u0142oty ,s\u0119dzia: Albin Majsniar ( SK )<\/p>\n<p>11 * 16.06.2013 &#8211; Mi\u0119dzynarodowa Wystawa Ps\u00f3w Rasowych &#8211; Krak\u00f3w<br \/> lokata 1 ,medal z\u0142oty ,s\u0119dzia: Waldemar Federak<span><\/span><\/p>\n<p><span>12 * 11.10.2014 &#8211; Jesienna Wystawa Owczark\u00f3w Niemieckich &#8211; Czch\u00f3w Zapora<\/span><br \/> <span>lokata 1 \/ 5 ,medal z\u0142oty ,s\u0119dzia: Andrzej Kotulski<\/span><\/p>\n<p>[\/et_pb_text][\/et_pb_column][et_pb_column type=&#8221;1_2&#8243; _builder_version=&#8221;4.6.1&#8243; _module_preset=&#8221;default&#8221;][et_pb_gallery gallery_ids=&#8221;305,307,309&#8243; show_title_and_caption=&#8221;off&#8221; show_pagination=&#8221;off&#8221; _builder_version=&#8221;4.6.1&#8243; _module_preset=&#8221;default&#8221;][\/et_pb_gallery][\/et_pb_column][\/et_pb_row][\/et_pb_section]<\/p>\n","protected":false},"excerpt":{"rendered":"<p>DUX Paj\u0119cze Sieci Born: 18.09.2010Training:\u00a0PT ; BH ; IPO 1Dysplasia:\u00a0( Polskie ) HD &#8211; A Lineage: Parents Grandparents Great-grandparents ULTIMMO Avax Hof ANDRJUSHA von Noort HILL v. Farbenspiel ENDREFALVA Chicoletti DION Avax Fof ERASMUS van Noort ARLETI Avax CS ROMY z Hamandy CANTO di Casa Massarelli ILLO di Casa Massarelli GENY di Casa Massarelli GEISCHA [&hellip;]<\/p>\n","protected":false},"author":1,"featured_media":0,"parent":977,"menu_order":0,"comment_status":"closed","ping_status":"closed","template":"","meta":{"_et_pb_use_builder":"on","_et_pb_old_content":"","_et_gb_content_width":""},"yoast_head":"<!-- This site is optimized with the Yoast SEO plugin v16.1.1 - https:\/\/yoast.com\/wordpress\/plugins\/seo\/ -->\n<title>DUX Paj\u0119cze Sieci - PajeczeSieci<\/title>\n<meta name=\"robots\" content=\"index, follow, max-snippet:-1, max-image-preview:large, max-video-preview:-1\" \/>\n<link rel=\"canonical\" href=\"https:\/\/pajeczesieci.pl\/male-dogs\/dux-pajecze-sieci\/\" \/>\n<meta property=\"og:locale\" content=\"pl_PL\" \/>\n<meta property=\"og:type\" content=\"article\" \/>\n<meta property=\"og:title\" content=\"DUX Paj\u0119cze Sieci - PajeczeSieci\" \/>\n<meta property=\"og:description\" content=\"DUX Paj\u0119cze Sieci Born: 18.09.2010Training:\u00a0PT ; BH ; IPO 1Dysplasia:\u00a0( Polskie ) HD - A Lineage: Parents Grandparents Great-grandparents ULTIMMO Avax Hof ANDRJUSHA von Noort HILL v. Farbenspiel ENDREFALVA Chicoletti DION Avax Fof ERASMUS van Noort ARLETI Avax CS ROMY z Hamandy CANTO di Casa Massarelli ILLO di Casa Massarelli GENY di Casa Massarelli GEISCHA [&hellip;]\" \/>\n<meta property=\"og:url\" content=\"https:\/\/pajeczesieci.pl\/en\/male-dogs\/dux-pajecze-sieci\/\" \/>\n<meta property=\"og:site_name\" content=\"PajeczeSieci\" \/>\n<meta property=\"article:modified_time\" content=\"2020-11-28T13:26:45+00:00\" \/>\n<meta name=\"twitter:card\" content=\"summary_large_image\" \/>\n<meta name=\"twitter:label1\" content=\"Szacowany czas czytania\">\n\t<meta name=\"twitter:data1\" content=\"2 minuty\">\n<script type=\"application\/ld+json\" class=\"yoast-schema-graph\">{\"@context\":\"https:\/\/schema.org\",\"@graph\":[{\"@type\":\"Organization\",\"@id\":\"https:\/\/pajeczesieci.pl\/#organization\",\"name\":\"Hodowla kr\\u00f3tkow\\u0142osych owczark\\u00f3w niemieckich Paj\\u0119cze Sieci\",\"url\":\"https:\/\/pajeczesieci.pl\/\",\"sameAs\":[],\"logo\":{\"@type\":\"ImageObject\",\"@id\":\"https:\/\/pajeczesieci.pl\/#logo\",\"inLanguage\":\"pl-PL\",\"url\":\"https:\/\/www.pajeczesieci.pl\/wp-content\/uploads\/2020\/11\/pajecze_sieci_640x640.png\",\"contentUrl\":\"https:\/\/www.pajeczesieci.pl\/wp-content\/uploads\/2020\/11\/pajecze_sieci_640x640.png\",\"width\":640,\"height\":640,\"caption\":\"Hodowla kr\\u00f3tkow\\u0142osych owczark\\u00f3w niemieckich Paj\\u0119cze Sieci\"},\"image\":{\"@id\":\"https:\/\/pajeczesieci.pl\/#logo\"}},{\"@type\":\"WebSite\",\"@id\":\"https:\/\/pajeczesieci.pl\/#website\",\"url\":\"https:\/\/pajeczesieci.pl\/\",\"name\":\"PajeczeSieci\",\"description\":\"Kolejna witryna WordPress\",\"publisher\":{\"@id\":\"https:\/\/pajeczesieci.pl\/#organization\"},\"potentialAction\":[{\"@type\":\"SearchAction\",\"target\":\"https:\/\/pajeczesieci.pl\/?s={search_term_string}\",\"query-input\":\"required name=search_term_string\"}],\"inLanguage\":\"pl-PL\"},{\"@type\":\"WebPage\",\"@id\":\"https:\/\/pajeczesieci.pl\/en\/male-dogs\/dux-pajecze-sieci\/#webpage\",\"url\":\"https:\/\/pajeczesieci.pl\/en\/male-dogs\/dux-pajecze-sieci\/\",\"name\":\"DUX Paj\\u0119cze Sieci - PajeczeSieci\",\"isPartOf\":{\"@id\":\"https:\/\/pajeczesieci.pl\/#website\"},\"datePublished\":\"2020-11-01T20:06:23+00:00\",\"dateModified\":\"2020-11-28T13:26:45+00:00\",\"breadcrumb\":{\"@id\":\"https:\/\/pajeczesieci.pl\/en\/male-dogs\/dux-pajecze-sieci\/#breadcrumb\"},\"inLanguage\":\"pl-PL\",\"potentialAction\":[{\"@type\":\"ReadAction\",\"target\":[\"https:\/\/pajeczesieci.pl\/en\/male-dogs\/dux-pajecze-sieci\/\"]}]},{\"@type\":\"BreadcrumbList\",\"@id\":\"https:\/\/pajeczesieci.pl\/en\/male-dogs\/dux-pajecze-sieci\/#breadcrumb\",\"itemListElement\":[{\"@type\":\"ListItem\",\"position\":1,\"item\":{\"@type\":\"WebPage\",\"@id\":\"https:\/\/pajeczesieci.pl\/\",\"url\":\"https:\/\/pajeczesieci.pl\/\",\"name\":\"Hodowla owczark\\u00f3w niemieckich\"}},{\"@type\":\"ListItem\",\"position\":2,\"item\":{\"@type\":\"WebPage\",\"@id\":\"https:\/\/pajeczesieci.pl\/nasze-psy\/\",\"url\":\"https:\/\/pajeczesieci.pl\/nasze-psy\/\",\"name\":\"Male dogs\"}},{\"@type\":\"ListItem\",\"position\":3,\"item\":{\"@type\":\"WebPage\",\"@id\":\"https:\/\/pajeczesieci.pl\/en\/male-dogs\/dux-pajecze-sieci\/\",\"url\":\"https:\/\/pajeczesieci.pl\/en\/male-dogs\/dux-pajecze-sieci\/\",\"name\":\"DUX Paj\\u0119cze Sieci\"}}]}]}<\/script>\n<!-- \/ Yoast SEO plugin. -->","_links":{"self":[{"href":"https:\/\/pajeczesieci.pl\/en\/wp-json\/wp\/v2\/pages\/1023\/"}],"collection":[{"href":"https:\/\/pajeczesieci.pl\/en\/wp-json\/wp\/v2\/pages\/"}],"about":[{"href":"https:\/\/pajeczesieci.pl\/en\/wp-json\/wp\/v2\/types\/page\/"}],"author":[{"embeddable":true,"href":"https:\/\/pajeczesieci.pl\/en\/wp-json\/wp\/v2\/users\/1\/"}],"replies":[{"embeddable":true,"href":"https:\/\/pajeczesieci.pl\/en\/wp-json\/wp\/v2\/comments\/?post=1023"}],"version-history":[{"count":2,"href":"https:\/\/pajeczesieci.pl\/en\/wp-json\/wp\/v2\/pages\/1023\/revisions\/"}],"predecessor-version":[{"id":1026,"href":"https:\/\/pajeczesieci.pl\/en\/wp-json\/wp\/v2\/pages\/1023\/revisions\/1026\/"}],"up":[{"embeddable":true,"href":"https:\/\/pajeczesieci.pl\/en\/wp-json\/wp\/v2\/pages\/977\/"}],"wp:attachment":[{"href":"https:\/\/pajeczesieci.pl\/en\/wp-json\/wp\/v2\/media\/?parent=1023"}],"curies":[{"name":"wp","href":"https:\/\/api.w.org\/{rel}","templated":true}]}}