{"id":1031,"date":"2020-11-11T16:31:09","date_gmt":"2020-11-11T14:31:09","guid":{"rendered":"https:\/\/www.pajeczesieci.pl\/female-dogs\/elza-pajecze-sieci\/"},"modified":"2020-11-28T16:03:22","modified_gmt":"2020-11-28T14:03:22","slug":"elza-pajecze-sieci","status":"publish","type":"page","link":"https:\/\/pajeczesieci.pl\/en\/female-dogs\/elza-pajecze-sieci\/","title":{"rendered":"ELZA Paj\u0119cze Sieci"},"content":{"rendered":"<p>[et_pb_section fb_built=&#8221;1&#8243; _builder_version=&#8221;4.6.1&#8243; _module_preset=&#8221;default&#8221;][et_pb_row column_structure=&#8221;1_2,1_2&#8243; make_equal=&#8221;on&#8221; _builder_version=&#8221;4.6.1&#8243; _module_preset=&#8221;default&#8221;][et_pb_column type=&#8221;1_2&#8243; _builder_version=&#8221;4.6.1&#8243; _module_preset=&#8221;default&#8221;][et_pb_text _builder_version=&#8221;4.6.1&#8243; _module_preset=&#8221;default&#8221;]<\/p>\n<h1><strong><b>ELZA Paj\u0119cze sieci<\/b><\/strong><\/h1>\n<p>Born: <span>03.07.2013<\/span><br \/><span>Training<\/span>:\u00a0<strong>BH<\/strong><br \/><span>Dysplasia<\/span>: <strong>( Polskie ) HD &#8211; A<\/strong><\/p>\n<p><span>Lineage<\/span>:<\/p>\n<table class=\"enola_rod\" border=\"1\" cellspacing=\"0\" cellpadding=\"0\">\n<tbody>\n<tr>\n<td class=\"head\"><span style=\"color: #660000;\"><span>Parents<\/span><\/span><\/td>\n<td class=\"head\"><span style=\"color: #660000;\"><span>Grandparents<\/span><\/span><\/td>\n<td class=\"head\"><span style=\"color: #660000;\"><span>Great-grandparents<\/span><\/span><\/td>\n<\/tr>\n<tr>\n<td rowspan=\"4\"><span style=\"color: #0000ff;\"><b>DUX Paj\u0119cze sieci<\/b><\/span><\/td>\n<td rowspan=\"2\">ULTIMMO Avax Hof<\/td>\n<td>ANDRIUSCHA van Noort<\/td>\n<\/tr>\n<tr>\n<td>DION Avax hof<\/td>\n<\/tr>\n<tr>\n<td rowspan=\"2\">ROMY z Hamandy<\/td>\n<td>CANTO di Casa Massarelli<\/td>\n<\/tr>\n<tr>\n<td>GEISCHA z Hamandy<\/td>\n<\/tr>\n<tr>\n<td rowspan=\"4\"><span style=\"color: #ff00ff;\"><b>AXA Lobos Bonitos<\/b><\/span><\/td>\n<td rowspan=\"2\">MARKUS vom Status Quo<\/td>\n<td>QUENN vom Loher Weg<\/td>\n<\/tr>\n<tr>\n<td>QUEENY vom der Malchower Aue<\/td>\n<\/tr>\n<tr>\n<td rowspan=\"2\">ULI z Krywlan<\/td>\n<td>DUX de Cuatro Flores<\/td>\n<\/tr>\n<tr>\n<td>FINKA z Krywlan<\/td>\n<\/tr>\n<\/tbody>\n<\/table>\n<p>[\/et_pb_text][\/et_pb_column][et_pb_column type=&#8221;1_2&#8243; _builder_version=&#8221;4.6.1&#8243; _module_preset=&#8221;default&#8221; custom_padding=&#8221;117px||||false|false&#8221; custom_padding_tablet=&#8221;0px||||false|false&#8221; custom_padding_phone=&#8221;&#8221; custom_padding_last_edited=&#8221;on|phone&#8221;][et_pb_image src=&#8221;https:\/\/www.pajeczesieci.pl\/wp-content\/uploads\/2020\/11\/elza1.jpg&#8221; title_text=&#8221;elza1&#8243; show_in_lightbox=&#8221;on&#8221; _builder_version=&#8221;4.6.1&#8243; _module_preset=&#8221;default&#8221;][\/et_pb_image][\/et_pb_column][\/et_pb_row][et_pb_row column_structure=&#8221;1_2,1_2&#8243; _builder_version=&#8221;4.6.1&#8243; _module_preset=&#8221;default&#8221;][et_pb_column type=&#8221;1_2&#8243; _builder_version=&#8221;4.6.1&#8243; _module_preset=&#8221;default&#8221;][et_pb_text _builder_version=&#8221;4.6.1&#8243; _module_preset=&#8221;default&#8221;]<\/p>\n<h2>Achievements:<\/h2>\n<p><span>1. 14.06.2014 &#8211; Krajowa Wystawa Owczark\u00f3w Niemieckich &#8211; Krak\u00f3w<\/span><span><\/span><br \/> <span>lokata 1 ,ocena: doskona\u0142a , medal z\u0142oty ,s\u0119dzia: Leos Jancik (CZ)<\/span><\/p>\n<p><span>2. 15.06.2014 &#8211; Mi\u0119dzynarodowa Wystawa Ps\u00f3w Rasowych &#8211; Krak\u00f3w<\/span><span><\/span><br \/> <span>lokata 1 \/ 3 , ocena: doskona\u0142a , medal z\u0142oty ,s\u0119dzia: Bogus\u0142aw Chmiel<\/span><\/p>\n<p><span>3. 11.10.2014 &#8211; Jesienna Wystawa Owczark\u00f3w Niemieckich &#8211; Czch\u00f3w Zapora<\/span><span><\/span><br \/> <span>lokata 5 \/ 9 , ocena: bardzo dobra ,s\u0119dzia: Bernd Weber (SV &#8211; Niemcy)<\/span><\/p>\n<p><span>4. 12.10.2014 &#8211; Krajowa Wystawa Owczark\u00f3w Niemieckich &#8211; Zabrze<\/span><span><\/span><br \/> <span>lokata 2 \/ 3 , ocena: doskona\u0142a , medal srebrny ,s\u0119dzia: Ireneusz Picheta<\/span><\/p>\n<p><span>5. 08.11.2014 &#8211; Mi\u0119dzynarodowa Wystawa Ps\u00f3w Rasowych &#8211; Kielce<\/span><span><\/span><br \/> <span>ocena: bardzo dobra ,s\u0119dzia: Wilfried Scheld (Niemcy)<\/span><\/p>\n<p>[\/et_pb_text][\/et_pb_column][et_pb_column type=&#8221;1_2&#8243; _builder_version=&#8221;4.6.1&#8243; _module_preset=&#8221;default&#8221;][et_pb_gallery gallery_ids=&#8221;562,564&#8243; posts_number=&#8221;2&#8243; orientation=&#8221;portrait&#8221; show_title_and_caption=&#8221;off&#8221; show_pagination=&#8221;off&#8221; _builder_version=&#8221;4.6.1&#8243; _module_preset=&#8221;default&#8221;][\/et_pb_gallery][\/et_pb_column][\/et_pb_row][\/et_pb_section]<\/p>\n","protected":false},"excerpt":{"rendered":"<p>ELZA Paj\u0119cze sieci Born: 03.07.2013Training:\u00a0BHDysplasia: ( Polskie ) HD &#8211; A Lineage: Parents Grandparents Great-grandparents DUX Paj\u0119cze sieci ULTIMMO Avax Hof ANDRIUSCHA van Noort DION Avax hof ROMY z Hamandy CANTO di Casa Massarelli GEISCHA z Hamandy AXA Lobos Bonitos MARKUS vom Status Quo QUENN vom Loher Weg QUEENY vom der Malchower Aue ULI z [&hellip;]<\/p>\n","protected":false},"author":1,"featured_media":0,"parent":984,"menu_order":0,"comment_status":"closed","ping_status":"closed","template":"","meta":{"_et_pb_use_builder":"on","_et_pb_old_content":"","_et_gb_content_width":""},"yoast_head":"<!-- This site is optimized with the Yoast SEO plugin v16.1.1 - https:\/\/yoast.com\/wordpress\/plugins\/seo\/ -->\n<title>ELZA Paj\u0119cze Sieci - PajeczeSieci<\/title>\n<meta name=\"robots\" content=\"index, follow, max-snippet:-1, max-image-preview:large, max-video-preview:-1\" \/>\n<link rel=\"canonical\" href=\"https:\/\/pajeczesieci.pl\/female-dogs\/elza-pajecze-sieci\/\" \/>\n<meta property=\"og:locale\" content=\"pl_PL\" \/>\n<meta property=\"og:type\" content=\"article\" \/>\n<meta property=\"og:title\" content=\"ELZA Paj\u0119cze Sieci - PajeczeSieci\" \/>\n<meta property=\"og:description\" content=\"ELZA Paj\u0119cze sieci Born: 03.07.2013Training:\u00a0BHDysplasia: ( Polskie ) HD - A Lineage: Parents Grandparents Great-grandparents DUX Paj\u0119cze sieci ULTIMMO Avax Hof ANDRIUSCHA van Noort DION Avax hof ROMY z Hamandy CANTO di Casa Massarelli GEISCHA z Hamandy AXA Lobos Bonitos MARKUS vom Status Quo QUENN vom Loher Weg QUEENY vom der Malchower Aue ULI z [&hellip;]\" \/>\n<meta property=\"og:url\" content=\"https:\/\/pajeczesieci.pl\/en\/female-dogs\/elza-pajecze-sieci\/\" \/>\n<meta property=\"og:site_name\" content=\"PajeczeSieci\" \/>\n<meta property=\"article:modified_time\" content=\"2020-11-28T14:03:22+00:00\" \/>\n<meta name=\"twitter:card\" content=\"summary_large_image\" \/>\n<meta name=\"twitter:label1\" content=\"Szacowany czas czytania\">\n\t<meta name=\"twitter:data1\" content=\"2 minuty\">\n<script type=\"application\/ld+json\" class=\"yoast-schema-graph\">{\"@context\":\"https:\/\/schema.org\",\"@graph\":[{\"@type\":\"Organization\",\"@id\":\"https:\/\/pajeczesieci.pl\/#organization\",\"name\":\"Hodowla kr\\u00f3tkow\\u0142osych owczark\\u00f3w niemieckich Paj\\u0119cze Sieci\",\"url\":\"https:\/\/pajeczesieci.pl\/\",\"sameAs\":[],\"logo\":{\"@type\":\"ImageObject\",\"@id\":\"https:\/\/pajeczesieci.pl\/#logo\",\"inLanguage\":\"pl-PL\",\"url\":\"https:\/\/www.pajeczesieci.pl\/wp-content\/uploads\/2020\/11\/pajecze_sieci_640x640.png\",\"contentUrl\":\"https:\/\/www.pajeczesieci.pl\/wp-content\/uploads\/2020\/11\/pajecze_sieci_640x640.png\",\"width\":640,\"height\":640,\"caption\":\"Hodowla kr\\u00f3tkow\\u0142osych owczark\\u00f3w niemieckich Paj\\u0119cze Sieci\"},\"image\":{\"@id\":\"https:\/\/pajeczesieci.pl\/#logo\"}},{\"@type\":\"WebSite\",\"@id\":\"https:\/\/pajeczesieci.pl\/#website\",\"url\":\"https:\/\/pajeczesieci.pl\/\",\"name\":\"PajeczeSieci\",\"description\":\"Kolejna witryna WordPress\",\"publisher\":{\"@id\":\"https:\/\/pajeczesieci.pl\/#organization\"},\"potentialAction\":[{\"@type\":\"SearchAction\",\"target\":\"https:\/\/pajeczesieci.pl\/?s={search_term_string}\",\"query-input\":\"required name=search_term_string\"}],\"inLanguage\":\"pl-PL\"},{\"@type\":\"WebPage\",\"@id\":\"https:\/\/pajeczesieci.pl\/en\/female-dogs\/elza-pajecze-sieci\/#webpage\",\"url\":\"https:\/\/pajeczesieci.pl\/en\/female-dogs\/elza-pajecze-sieci\/\",\"name\":\"ELZA Paj\\u0119cze Sieci - PajeczeSieci\",\"isPartOf\":{\"@id\":\"https:\/\/pajeczesieci.pl\/#website\"},\"datePublished\":\"2020-11-11T14:31:09+00:00\",\"dateModified\":\"2020-11-28T14:03:22+00:00\",\"breadcrumb\":{\"@id\":\"https:\/\/pajeczesieci.pl\/en\/female-dogs\/elza-pajecze-sieci\/#breadcrumb\"},\"inLanguage\":\"pl-PL\",\"potentialAction\":[{\"@type\":\"ReadAction\",\"target\":[\"https:\/\/pajeczesieci.pl\/en\/female-dogs\/elza-pajecze-sieci\/\"]}]},{\"@type\":\"BreadcrumbList\",\"@id\":\"https:\/\/pajeczesieci.pl\/en\/female-dogs\/elza-pajecze-sieci\/#breadcrumb\",\"itemListElement\":[{\"@type\":\"ListItem\",\"position\":1,\"item\":{\"@type\":\"WebPage\",\"@id\":\"https:\/\/pajeczesieci.pl\/\",\"url\":\"https:\/\/pajeczesieci.pl\/\",\"name\":\"Hodowla owczark\\u00f3w niemieckich\"}},{\"@type\":\"ListItem\",\"position\":2,\"item\":{\"@type\":\"WebPage\",\"@id\":\"https:\/\/pajeczesieci.pl\/nasze-suki\/\",\"url\":\"https:\/\/pajeczesieci.pl\/nasze-suki\/\",\"name\":\"Female dogs\"}},{\"@type\":\"ListItem\",\"position\":3,\"item\":{\"@type\":\"WebPage\",\"@id\":\"https:\/\/pajeczesieci.pl\/en\/female-dogs\/elza-pajecze-sieci\/\",\"url\":\"https:\/\/pajeczesieci.pl\/en\/female-dogs\/elza-pajecze-sieci\/\",\"name\":\"ELZA Paj\\u0119cze Sieci\"}}]}]}<\/script>\n<!-- \/ Yoast SEO plugin. -->","_links":{"self":[{"href":"https:\/\/pajeczesieci.pl\/en\/wp-json\/wp\/v2\/pages\/1031\/"}],"collection":[{"href":"https:\/\/pajeczesieci.pl\/en\/wp-json\/wp\/v2\/pages\/"}],"about":[{"href":"https:\/\/pajeczesieci.pl\/en\/wp-json\/wp\/v2\/types\/page\/"}],"author":[{"embeddable":true,"href":"https:\/\/pajeczesieci.pl\/en\/wp-json\/wp\/v2\/users\/1\/"}],"replies":[{"embeddable":true,"href":"https:\/\/pajeczesieci.pl\/en\/wp-json\/wp\/v2\/comments\/?post=1031"}],"version-history":[{"count":3,"href":"https:\/\/pajeczesieci.pl\/en\/wp-json\/wp\/v2\/pages\/1031\/revisions\/"}],"predecessor-version":[{"id":1053,"href":"https:\/\/pajeczesieci.pl\/en\/wp-json\/wp\/v2\/pages\/1031\/revisions\/1053\/"}],"up":[{"embeddable":true,"href":"https:\/\/pajeczesieci.pl\/en\/wp-json\/wp\/v2\/pages\/984\/"}],"wp:attachment":[{"href":"https:\/\/pajeczesieci.pl\/en\/wp-json\/wp\/v2\/media\/?parent=1031"}],"curies":[{"name":"wp","href":"https:\/\/api.w.org\/{rel}","templated":true}]}}