{"id":1036,"date":"2020-11-08T21:10:21","date_gmt":"2020-11-08T19:10:21","guid":{"rendered":"https:\/\/www.pajeczesieci.pl\/female-dogs\/ulisse\/"},"modified":"2020-11-28T15:43:32","modified_gmt":"2020-11-28T13:43:32","slug":"ulisse","status":"publish","type":"page","link":"https:\/\/pajeczesieci.pl\/en\/female-dogs\/ulisse\/","title":{"rendered":"Ulisse"},"content":{"rendered":"<p>[et_pb_section fb_built=&#8221;1&#8243; _builder_version=&#8221;4.6.1&#8243; _module_preset=&#8221;default&#8221;][et_pb_row column_structure=&#8221;1_2,1_2&#8243; _builder_version=&#8221;4.6.1&#8243; _module_preset=&#8221;default&#8221;][et_pb_column type=&#8221;1_2&#8243; _builder_version=&#8221;4.6.1&#8243; _module_preset=&#8221;default&#8221;][et_pb_text _builder_version=&#8221;4.6.1&#8243; _module_preset=&#8221;default&#8221;]<\/p>\n<h1><strong><b>Ulisse Maserau<\/b><\/strong><\/h1>\n<p>Born: 30.10.2015<br \/><span>Training<\/span>:\u00a0<strong>BH, IPO1<\/strong><br \/><span>Dysplasia<\/span>:\u00a0<strong>SV: HD &#8211; A normal; ED &#8211; 0,0 normal; DNA<\/strong><\/p>\n<p><span>Lineage<\/span>:<\/p>\n<table class=\"enola_rod\" border=\"1\" cellspacing=\"0\" cellpadding=\"0\">\n<tbody>\n<tr>\n<td class=\"head\"><span style=\"color: #660000;\"><span>Parents<\/span><\/span><\/td>\n<td class=\"head\"><span style=\"color: #660000;\"><span>Grandparents<\/span><\/span><\/td>\n<td class=\"head\"><span style=\"color: #660000;\"><span>Great-grandparents<\/span><\/span><\/td>\n<\/tr>\n<tr>\n<td rowspan=\"4\"><span style=\"color: #0000ff;\"><b>Garo v. Team Panoniansee<\/b><\/span><\/td>\n<td rowspan=\"2\">Ursus von Panoniansee<\/td>\n<td>REMO vom Fichtenschlag<\/td>\n<\/tr>\n<tr>\n<td>Debby v. Teasm Panoniansee<\/td>\n<\/tr>\n<tr>\n<td rowspan=\"2\">Izzy vom Funken Spiel<\/td>\n<td>Roni vom Funken Spiel<\/td>\n<\/tr>\n<tr>\n<td>History vom Fichtenschlag<\/td>\n<\/tr>\n<tr>\n<td rowspan=\"4\"><span style=\"color: #ff00ff;\"><b>Iffy vom Amur<\/b><\/span><\/td>\n<td rowspan=\"2\">TINO Godalis<\/td>\n<td>Quenn v. Loher Weg<\/td>\n<\/tr>\n<tr>\n<td>Ussi v. Buchonia<\/td>\n<\/tr>\n<tr>\n<td rowspan=\"2\">Winona vom Amur<\/td>\n<td>Esko vom Danischen Rof<\/td>\n<\/tr>\n<tr>\n<td>Farina Heilei&#8217;s<\/td>\n<\/tr>\n<\/tbody>\n<\/table>\n<p>[\/et_pb_text][\/et_pb_column][et_pb_column type=&#8221;1_2&#8243; _builder_version=&#8221;4.6.1&#8243; _module_preset=&#8221;default&#8221; custom_padding=&#8221;150px||||false|false&#8221; custom_padding_tablet=&#8221;0px||||false|false&#8221; custom_padding_phone=&#8221;&#8221; custom_padding_last_edited=&#8221;on|phone&#8221;][et_pb_image src=&#8221;https:\/\/www.pajeczesieci.pl\/wp-content\/uploads\/2020\/11\/01_ulisse_foto1.jpg&#8221; title_text=&#8221;01_ulisse_foto1&#8243; show_in_lightbox=&#8221;on&#8221; _builder_version=&#8221;4.6.1&#8243; _module_preset=&#8221;default&#8221;][\/et_pb_image][\/et_pb_column][\/et_pb_row][et_pb_row column_structure=&#8221;1_2,1_2&#8243; _builder_version=&#8221;4.6.1&#8243; _module_preset=&#8221;default&#8221;][et_pb_column type=&#8221;1_2&#8243; _builder_version=&#8221;4.6.1&#8243; _module_preset=&#8221;default&#8221;][et_pb_text _builder_version=&#8221;4.6.1&#8243; _module_preset=&#8221;default&#8221;]<\/p>\n<h2>Achievements:<\/h2>\n<ol>\n<li>\u00a002.09.2017\u00a0<span>Krajowa Wystawa\u00a0Ps\u00f3w Rasowych &#8211; CZCH\u00d3W ocena: doskona\u0142a, lokata: 1, CWC, s\u0119dzia: Sebastian Handy<\/span><\/li>\n<li>14-15.10.2017\u00a0<span>Krajowa Wystawa Owczark\u00f3w Niemieckich &#8211; CZCH\u00d3W ocena: bardzo dobra, lokata: 2 s\u0119dzia: Ulrich Hausmann<\/span><\/li>\n<li><span>25.11.2017 Mi\u0119dzynarodowa Wystawa Ps\u00f3w Rasowych\u00a0&#8211; KIELCE ocena: doskona\u0142a, lokata: 1, s\u0119dzia: Ulrich Hausmann<\/span><\/li>\n<\/ol>\n<p>[\/et_pb_text][\/et_pb_column][et_pb_column type=&#8221;1_2&#8243; _builder_version=&#8221;4.6.1&#8243; _module_preset=&#8221;default&#8221;][et_pb_image src=&#8221;https:\/\/www.pajeczesieci.pl\/wp-content\/uploads\/2020\/11\/02_ulisse_foto2.jpg&#8221; title_text=&#8221;02_ulisse_foto2&#8243; show_in_lightbox=&#8221;on&#8221; _builder_version=&#8221;4.6.1&#8243; _module_preset=&#8221;default&#8221;][\/et_pb_image][\/et_pb_column][\/et_pb_row][\/et_pb_section]<\/p>\n","protected":false},"excerpt":{"rendered":"<p>Ulisse Maserau Born: 30.10.2015Training:\u00a0BH, IPO1Dysplasia:\u00a0SV: HD &#8211; A normal; ED &#8211; 0,0 normal; DNA Lineage: Parents Grandparents Great-grandparents Garo v. Team Panoniansee Ursus von Panoniansee REMO vom Fichtenschlag Debby v. Teasm Panoniansee Izzy vom Funken Spiel Roni vom Funken Spiel History vom Fichtenschlag Iffy vom Amur TINO Godalis Quenn v. Loher Weg Ussi v. Buchonia [&hellip;]<\/p>\n","protected":false},"author":1,"featured_media":0,"parent":984,"menu_order":0,"comment_status":"closed","ping_status":"closed","template":"","meta":{"_et_pb_use_builder":"on","_et_pb_old_content":"","_et_gb_content_width":""},"yoast_head":"<!-- This site is optimized with the Yoast SEO plugin v16.1.1 - https:\/\/yoast.com\/wordpress\/plugins\/seo\/ -->\n<title>Ulisse Maserau - PajeczeSieci<\/title>\n<meta name=\"robots\" content=\"index, follow, max-snippet:-1, max-image-preview:large, max-video-preview:-1\" \/>\n<link rel=\"canonical\" href=\"https:\/\/pajeczesieci.pl\/female-dogs\/ulisse\/\" \/>\n<meta property=\"og:locale\" content=\"pl_PL\" \/>\n<meta property=\"og:type\" content=\"article\" \/>\n<meta property=\"og:title\" content=\"Ulisse Maserau - PajeczeSieci\" \/>\n<meta property=\"og:description\" content=\"Ulisse Maserau Born: 30.10.2015Training:\u00a0BH, IPO1Dysplasia:\u00a0SV: HD - A normal; ED - 0,0 normal; DNA Lineage: Parents Grandparents Great-grandparents Garo v. Team Panoniansee Ursus von Panoniansee REMO vom Fichtenschlag Debby v. Teasm Panoniansee Izzy vom Funken Spiel Roni vom Funken Spiel History vom Fichtenschlag Iffy vom Amur TINO Godalis Quenn v. Loher Weg Ussi v. Buchonia [&hellip;]\" \/>\n<meta property=\"og:url\" content=\"https:\/\/pajeczesieci.pl\/en\/female-dogs\/ulisse\/\" \/>\n<meta property=\"og:site_name\" content=\"PajeczeSieci\" \/>\n<meta property=\"article:modified_time\" content=\"2020-11-28T13:43:32+00:00\" \/>\n<meta name=\"twitter:card\" content=\"summary_large_image\" \/>\n<meta name=\"twitter:label1\" content=\"Szacowany czas czytania\">\n\t<meta name=\"twitter:data1\" content=\"2 minuty\">\n<script type=\"application\/ld+json\" class=\"yoast-schema-graph\">{\"@context\":\"https:\/\/schema.org\",\"@graph\":[{\"@type\":\"Organization\",\"@id\":\"https:\/\/pajeczesieci.pl\/#organization\",\"name\":\"Hodowla kr\\u00f3tkow\\u0142osych owczark\\u00f3w niemieckich Paj\\u0119cze Sieci\",\"url\":\"https:\/\/pajeczesieci.pl\/\",\"sameAs\":[],\"logo\":{\"@type\":\"ImageObject\",\"@id\":\"https:\/\/pajeczesieci.pl\/#logo\",\"inLanguage\":\"pl-PL\",\"url\":\"https:\/\/www.pajeczesieci.pl\/wp-content\/uploads\/2020\/11\/pajecze_sieci_640x640.png\",\"contentUrl\":\"https:\/\/www.pajeczesieci.pl\/wp-content\/uploads\/2020\/11\/pajecze_sieci_640x640.png\",\"width\":640,\"height\":640,\"caption\":\"Hodowla kr\\u00f3tkow\\u0142osych owczark\\u00f3w niemieckich Paj\\u0119cze Sieci\"},\"image\":{\"@id\":\"https:\/\/pajeczesieci.pl\/#logo\"}},{\"@type\":\"WebSite\",\"@id\":\"https:\/\/pajeczesieci.pl\/#website\",\"url\":\"https:\/\/pajeczesieci.pl\/\",\"name\":\"PajeczeSieci\",\"description\":\"Kolejna witryna WordPress\",\"publisher\":{\"@id\":\"https:\/\/pajeczesieci.pl\/#organization\"},\"potentialAction\":[{\"@type\":\"SearchAction\",\"target\":\"https:\/\/pajeczesieci.pl\/?s={search_term_string}\",\"query-input\":\"required name=search_term_string\"}],\"inLanguage\":\"pl-PL\"},{\"@type\":\"WebPage\",\"@id\":\"https:\/\/pajeczesieci.pl\/en\/female-dogs\/ulisse\/#webpage\",\"url\":\"https:\/\/pajeczesieci.pl\/en\/female-dogs\/ulisse\/\",\"name\":\"Ulisse Maserau - PajeczeSieci\",\"isPartOf\":{\"@id\":\"https:\/\/pajeczesieci.pl\/#website\"},\"datePublished\":\"2020-11-08T19:10:21+00:00\",\"dateModified\":\"2020-11-28T13:43:32+00:00\",\"breadcrumb\":{\"@id\":\"https:\/\/pajeczesieci.pl\/en\/female-dogs\/ulisse\/#breadcrumb\"},\"inLanguage\":\"pl-PL\",\"potentialAction\":[{\"@type\":\"ReadAction\",\"target\":[\"https:\/\/pajeczesieci.pl\/en\/female-dogs\/ulisse\/\"]}]},{\"@type\":\"BreadcrumbList\",\"@id\":\"https:\/\/pajeczesieci.pl\/en\/female-dogs\/ulisse\/#breadcrumb\",\"itemListElement\":[{\"@type\":\"ListItem\",\"position\":1,\"item\":{\"@type\":\"WebPage\",\"@id\":\"https:\/\/pajeczesieci.pl\/\",\"url\":\"https:\/\/pajeczesieci.pl\/\",\"name\":\"Hodowla owczark\\u00f3w niemieckich\"}},{\"@type\":\"ListItem\",\"position\":2,\"item\":{\"@type\":\"WebPage\",\"@id\":\"https:\/\/pajeczesieci.pl\/nasze-suki\/\",\"url\":\"https:\/\/pajeczesieci.pl\/nasze-suki\/\",\"name\":\"Female dogs\"}},{\"@type\":\"ListItem\",\"position\":3,\"item\":{\"@type\":\"WebPage\",\"@id\":\"https:\/\/pajeczesieci.pl\/en\/female-dogs\/ulisse\/\",\"url\":\"https:\/\/pajeczesieci.pl\/en\/female-dogs\/ulisse\/\",\"name\":\"Ulisse\"}}]}]}<\/script>\n<!-- \/ Yoast SEO plugin. -->","_links":{"self":[{"href":"https:\/\/pajeczesieci.pl\/en\/wp-json\/wp\/v2\/pages\/1036\/"}],"collection":[{"href":"https:\/\/pajeczesieci.pl\/en\/wp-json\/wp\/v2\/pages\/"}],"about":[{"href":"https:\/\/pajeczesieci.pl\/en\/wp-json\/wp\/v2\/types\/page\/"}],"author":[{"embeddable":true,"href":"https:\/\/pajeczesieci.pl\/en\/wp-json\/wp\/v2\/users\/1\/"}],"replies":[{"embeddable":true,"href":"https:\/\/pajeczesieci.pl\/en\/wp-json\/wp\/v2\/comments\/?post=1036"}],"version-history":[{"count":2,"href":"https:\/\/pajeczesieci.pl\/en\/wp-json\/wp\/v2\/pages\/1036\/revisions\/"}],"predecessor-version":[{"id":1039,"href":"https:\/\/pajeczesieci.pl\/en\/wp-json\/wp\/v2\/pages\/1036\/revisions\/1039\/"}],"up":[{"embeddable":true,"href":"https:\/\/pajeczesieci.pl\/en\/wp-json\/wp\/v2\/pages\/984\/"}],"wp:attachment":[{"href":"https:\/\/pajeczesieci.pl\/en\/wp-json\/wp\/v2\/media\/?parent=1036"}],"curies":[{"name":"wp","href":"https:\/\/api.w.org\/{rel}","templated":true}]}}