{"id":1042,"date":"2020-11-02T20:00:18","date_gmt":"2020-11-02T18:00:18","guid":{"rendered":"https:\/\/www.pajeczesieci.pl\/female-dogs\/ria-von-maj-aus-krakau\/"},"modified":"2020-11-28T15:49:26","modified_gmt":"2020-11-28T13:49:26","slug":"ria-von-maj-aus-krakau","status":"publish","type":"page","link":"https:\/\/pajeczesieci.pl\/en\/female-dogs\/ria-von-maj-aus-krakau\/","title":{"rendered":"RIA von Maj aus Krakau"},"content":{"rendered":"<p>[et_pb_section fb_built=&#8221;1&#8243; _builder_version=&#8221;4.6.1&#8243; _module_preset=&#8221;default&#8221; custom_padding=&#8221;0px|||||&#8221;][et_pb_row column_structure=&#8221;1_2,1_2&#8243; _builder_version=&#8221;4.6.1&#8243; _module_preset=&#8221;default&#8221;][et_pb_column type=&#8221;1_2&#8243; _builder_version=&#8221;4.6.1&#8243; _module_preset=&#8221;default&#8221;][et_pb_text _builder_version=&#8221;4.6.1&#8243; _module_preset=&#8221;default&#8221;]<\/p>\n<h1>RIA von Maj aus Krakau<\/h1>\n<p><span>Born: 24.03.2017<\/span><br \/><span>Training:\u00a0<\/span><strong>BH<\/strong><span><\/span><br \/><span>Dysplasia:\u00a0<\/span><strong>( Polskie ) HD &#8211; B , ED &#8211; normal<\/strong><\/p>\n<p><strong>Lineage<\/strong>:<\/p>\n<table class=\"enola_rod\" border=\"1\" cellspacing=\"0\" cellpadding=\"0\">\n<tbody>\n<tr>\n<td class=\"head\"><span style=\"color: #660000;\">Parents<\/span><\/td>\n<td class=\"head\"><span style=\"color: #660000;\"><span>Grandparents<\/span><\/span><\/td>\n<td class=\"head\"><span style=\"color: #660000;\"><span>Great-grandparents<\/span><\/span><\/td>\n<\/tr>\n<tr>\n<td rowspan=\"4\"><span style=\"color: #0000ff;\"><b>KJUWEL vom Haus Tchorz (FCI)<\/b><\/span><\/td>\n<td rowspan=\"2\">FIGO vom Nordteich<\/td>\n<td>REMO vom Fichtenschlag<\/td>\n<\/tr>\n<tr>\n<td>AIDA vom Nordieich<\/td>\n<\/tr>\n<tr>\n<td rowspan=\"2\">WARRINKA vom Haus Tchorz (FCI)<\/td>\n<td>FRITZ vom Kuckucksland<\/td>\n<\/tr>\n<tr>\n<td>DESSA von Haus Arnemann<\/td>\n<\/tr>\n<tr>\n<td rowspan=\"4\"><span style=\"color: #ff00ff;\"><b>BRIXI z Rodu Tytana<\/b><\/span><\/td>\n<td rowspan=\"2\">CHAMPION vom Kapellenberg<\/td>\n<td>SAABAT vom Aurelius<\/td>\n<\/tr>\n<tr>\n<td>JUICY vom Kapellenberg<\/td>\n<\/tr>\n<tr>\n<td rowspan=\"2\">OKLAHOMA Padaroko (FCI)<\/td>\n<td>UMBERTO Tensor<\/td>\n<\/tr>\n<tr>\n<td>LUTZI Vitaxis<\/td>\n<\/tr>\n<\/tbody>\n<\/table>\n<p>[\/et_pb_text][\/et_pb_column][et_pb_column type=&#8221;1_2&#8243; _builder_version=&#8221;4.6.1&#8243; _module_preset=&#8221;default&#8221; custom_padding=&#8221;152px||||false|false&#8221; custom_padding_tablet=&#8221;0px||||false|false&#8221; custom_padding_phone=&#8221;&#8221; custom_padding_last_edited=&#8221;on|desktop&#8221;][et_pb_image src=&#8221;https:\/\/www.pajeczesieci.pl\/wp-content\/uploads\/2020\/11\/01_ria_foto1-1.jpg&#8221; title_text=&#8221;01_ria_foto1&#8243; show_in_lightbox=&#8221;on&#8221; _builder_version=&#8221;4.6.1&#8243; _module_preset=&#8221;default&#8221;][\/et_pb_image][\/et_pb_column][\/et_pb_row][et_pb_row column_structure=&#8221;1_2,1_2&#8243; _builder_version=&#8221;4.6.1&#8243; _module_preset=&#8221;default&#8221;][et_pb_column type=&#8221;1_2&#8243; _builder_version=&#8221;4.6.1&#8243; _module_preset=&#8221;default&#8221;][et_pb_text _builder_version=&#8221;4.6.1&#8243; _module_preset=&#8221;default&#8221;]<\/p>\n<h2>Achievements:<\/h2>\n<p><span>1. 13.07.2019 &#8211; Krajowa Wystawa Ps\u00f3w Rasowych &#8211; Nowy Targ<\/span><span><\/span><br \/> <span>ocena: doskona\u0142a , s\u0119dzia: Andrzej Kotulski<\/span><\/p>\n<p><span>2. 05-07.07.2019 &#8211; Mi\u0119dzynarodowa Wystawa Ps\u00f3w Rasowych &#8211; Wis\u0142a<br \/> ocena: doskona\u0142a , s\u0119dzia: Leszek Salamon<\/span><\/p>\n<p>3. 29-30.06.2019 &#8211; Mi\u0119dzynarodowa Wystawa Ps\u00f3w Rasowych &#8211; Krak\u00f3w<br \/> ocena: doskona\u0142a , s\u0119dzia: Zsolt\u00a0Biro<\/p>\n<p>&nbsp;<\/p>\n<p>[\/et_pb_text][\/et_pb_column][et_pb_column type=&#8221;1_2&#8243; _builder_version=&#8221;4.6.1&#8243; _module_preset=&#8221;default&#8221;][et_pb_image src=&#8221;https:\/\/www.pajeczesieci.pl\/wp-content\/uploads\/2020\/11\/01_ria_foto1.jpg&#8221; title_text=&#8221;01_ria_foto1&#8243; show_in_lightbox=&#8221;on&#8221; _builder_version=&#8221;4.6.1&#8243; _module_preset=&#8221;default&#8221;][\/et_pb_image][\/et_pb_column][\/et_pb_row][\/et_pb_section]<\/p>\n","protected":false},"excerpt":{"rendered":"<p>RIA von Maj aus Krakau Born: 24.03.2017Training:\u00a0BHDysplasia:\u00a0( Polskie ) HD &#8211; B , ED &#8211; normal Lineage: Parents Grandparents Great-grandparents KJUWEL vom Haus Tchorz (FCI) FIGO vom Nordteich REMO vom Fichtenschlag AIDA vom Nordieich WARRINKA vom Haus Tchorz (FCI) FRITZ vom Kuckucksland DESSA von Haus Arnemann BRIXI z Rodu Tytana CHAMPION vom Kapellenberg SAABAT vom [&hellip;]<\/p>\n","protected":false},"author":1,"featured_media":0,"parent":984,"menu_order":0,"comment_status":"closed","ping_status":"closed","template":"","meta":{"_et_pb_use_builder":"on","_et_pb_old_content":"","_et_gb_content_width":""},"yoast_head":"<!-- This site is optimized with the Yoast SEO plugin v16.1.1 - https:\/\/yoast.com\/wordpress\/plugins\/seo\/ -->\n<title>RIA von Maj aus Krakau - PajeczeSieci<\/title>\n<meta name=\"robots\" content=\"index, follow, max-snippet:-1, max-image-preview:large, max-video-preview:-1\" \/>\n<link rel=\"canonical\" href=\"https:\/\/pajeczesieci.pl\/female-dogs\/ria-von-maj-aus-krakau\/\" \/>\n<meta property=\"og:locale\" content=\"pl_PL\" \/>\n<meta property=\"og:type\" content=\"article\" \/>\n<meta property=\"og:title\" content=\"RIA von Maj aus Krakau - PajeczeSieci\" \/>\n<meta property=\"og:description\" content=\"RIA von Maj aus Krakau Born: 24.03.2017Training:\u00a0BHDysplasia:\u00a0( Polskie ) HD - B , ED - normal Lineage: Parents Grandparents Great-grandparents KJUWEL vom Haus Tchorz (FCI) FIGO vom Nordteich REMO vom Fichtenschlag AIDA vom Nordieich WARRINKA vom Haus Tchorz (FCI) FRITZ vom Kuckucksland DESSA von Haus Arnemann BRIXI z Rodu Tytana CHAMPION vom Kapellenberg SAABAT vom [&hellip;]\" \/>\n<meta property=\"og:url\" content=\"https:\/\/pajeczesieci.pl\/en\/female-dogs\/ria-von-maj-aus-krakau\/\" \/>\n<meta property=\"og:site_name\" content=\"PajeczeSieci\" \/>\n<meta property=\"article:modified_time\" content=\"2020-11-28T13:49:26+00:00\" \/>\n<meta name=\"twitter:card\" content=\"summary_large_image\" \/>\n<meta name=\"twitter:label1\" content=\"Szacowany czas czytania\">\n\t<meta name=\"twitter:data1\" content=\"2 minuty\">\n<script type=\"application\/ld+json\" class=\"yoast-schema-graph\">{\"@context\":\"https:\/\/schema.org\",\"@graph\":[{\"@type\":\"Organization\",\"@id\":\"https:\/\/pajeczesieci.pl\/#organization\",\"name\":\"Hodowla kr\\u00f3tkow\\u0142osych owczark\\u00f3w niemieckich Paj\\u0119cze Sieci\",\"url\":\"https:\/\/pajeczesieci.pl\/\",\"sameAs\":[],\"logo\":{\"@type\":\"ImageObject\",\"@id\":\"https:\/\/pajeczesieci.pl\/#logo\",\"inLanguage\":\"pl-PL\",\"url\":\"https:\/\/www.pajeczesieci.pl\/wp-content\/uploads\/2020\/11\/pajecze_sieci_640x640.png\",\"contentUrl\":\"https:\/\/www.pajeczesieci.pl\/wp-content\/uploads\/2020\/11\/pajecze_sieci_640x640.png\",\"width\":640,\"height\":640,\"caption\":\"Hodowla kr\\u00f3tkow\\u0142osych owczark\\u00f3w niemieckich Paj\\u0119cze Sieci\"},\"image\":{\"@id\":\"https:\/\/pajeczesieci.pl\/#logo\"}},{\"@type\":\"WebSite\",\"@id\":\"https:\/\/pajeczesieci.pl\/#website\",\"url\":\"https:\/\/pajeczesieci.pl\/\",\"name\":\"PajeczeSieci\",\"description\":\"Kolejna witryna WordPress\",\"publisher\":{\"@id\":\"https:\/\/pajeczesieci.pl\/#organization\"},\"potentialAction\":[{\"@type\":\"SearchAction\",\"target\":\"https:\/\/pajeczesieci.pl\/?s={search_term_string}\",\"query-input\":\"required name=search_term_string\"}],\"inLanguage\":\"pl-PL\"},{\"@type\":\"WebPage\",\"@id\":\"https:\/\/pajeczesieci.pl\/en\/female-dogs\/ria-von-maj-aus-krakau\/#webpage\",\"url\":\"https:\/\/pajeczesieci.pl\/en\/female-dogs\/ria-von-maj-aus-krakau\/\",\"name\":\"RIA von Maj aus Krakau - PajeczeSieci\",\"isPartOf\":{\"@id\":\"https:\/\/pajeczesieci.pl\/#website\"},\"datePublished\":\"2020-11-02T18:00:18+00:00\",\"dateModified\":\"2020-11-28T13:49:26+00:00\",\"breadcrumb\":{\"@id\":\"https:\/\/pajeczesieci.pl\/en\/female-dogs\/ria-von-maj-aus-krakau\/#breadcrumb\"},\"inLanguage\":\"pl-PL\",\"potentialAction\":[{\"@type\":\"ReadAction\",\"target\":[\"https:\/\/pajeczesieci.pl\/en\/female-dogs\/ria-von-maj-aus-krakau\/\"]}]},{\"@type\":\"BreadcrumbList\",\"@id\":\"https:\/\/pajeczesieci.pl\/en\/female-dogs\/ria-von-maj-aus-krakau\/#breadcrumb\",\"itemListElement\":[{\"@type\":\"ListItem\",\"position\":1,\"item\":{\"@type\":\"WebPage\",\"@id\":\"https:\/\/pajeczesieci.pl\/\",\"url\":\"https:\/\/pajeczesieci.pl\/\",\"name\":\"Hodowla owczark\\u00f3w niemieckich\"}},{\"@type\":\"ListItem\",\"position\":2,\"item\":{\"@type\":\"WebPage\",\"@id\":\"https:\/\/pajeczesieci.pl\/nasze-suki\/\",\"url\":\"https:\/\/pajeczesieci.pl\/nasze-suki\/\",\"name\":\"Female dogs\"}},{\"@type\":\"ListItem\",\"position\":3,\"item\":{\"@type\":\"WebPage\",\"@id\":\"https:\/\/pajeczesieci.pl\/en\/female-dogs\/ria-von-maj-aus-krakau\/\",\"url\":\"https:\/\/pajeczesieci.pl\/en\/female-dogs\/ria-von-maj-aus-krakau\/\",\"name\":\"RIA von Maj aus Krakau\"}}]}]}<\/script>\n<!-- \/ Yoast SEO plugin. -->","_links":{"self":[{"href":"https:\/\/pajeczesieci.pl\/en\/wp-json\/wp\/v2\/pages\/1042\/"}],"collection":[{"href":"https:\/\/pajeczesieci.pl\/en\/wp-json\/wp\/v2\/pages\/"}],"about":[{"href":"https:\/\/pajeczesieci.pl\/en\/wp-json\/wp\/v2\/types\/page\/"}],"author":[{"embeddable":true,"href":"https:\/\/pajeczesieci.pl\/en\/wp-json\/wp\/v2\/users\/1\/"}],"replies":[{"embeddable":true,"href":"https:\/\/pajeczesieci.pl\/en\/wp-json\/wp\/v2\/comments\/?post=1042"}],"version-history":[{"count":2,"href":"https:\/\/pajeczesieci.pl\/en\/wp-json\/wp\/v2\/pages\/1042\/revisions\/"}],"predecessor-version":[{"id":1045,"href":"https:\/\/pajeczesieci.pl\/en\/wp-json\/wp\/v2\/pages\/1042\/revisions\/1045\/"}],"up":[{"embeddable":true,"href":"https:\/\/pajeczesieci.pl\/en\/wp-json\/wp\/v2\/pages\/984\/"}],"wp:attachment":[{"href":"https:\/\/pajeczesieci.pl\/en\/wp-json\/wp\/v2\/media\/?parent=1042"}],"curies":[{"name":"wp","href":"https:\/\/api.w.org\/{rel}","templated":true}]}}