{"id":1047,"date":"2020-11-08T21:13:15","date_gmt":"2020-11-08T19:13:15","guid":{"rendered":"https:\/\/www.pajeczesieci.pl\/female-dogs\/sara-jarkowski-dwor\/"},"modified":"2020-11-28T15:52:17","modified_gmt":"2020-11-28T13:52:17","slug":"sara-jarkowski-dwor","status":"publish","type":"page","link":"https:\/\/pajeczesieci.pl\/en\/female-dogs\/sara-jarkowski-dwor\/","title":{"rendered":"Sara Jarkowski Dw\u00f3r"},"content":{"rendered":"<p>[et_pb_section fb_built=&#8221;1&#8243; _builder_version=&#8221;4.6.1&#8243; _module_preset=&#8221;default&#8221; custom_padding=&#8221;0px|||||&#8221;][et_pb_row column_structure=&#8221;1_2,1_2&#8243; _builder_version=&#8221;4.6.1&#8243; _module_preset=&#8221;default&#8221;][et_pb_column type=&#8221;1_2&#8243; _builder_version=&#8221;4.6.1&#8243; _module_preset=&#8221;default&#8221;][et_pb_text _builder_version=&#8221;4.6.1&#8243; _module_preset=&#8221;default&#8221;]<\/p>\n<h1><strong><b>Sara Jarkowski Dw\u00f3r<\/b><\/strong><\/h1>\n<p>Born: 22.03.2016<br \/>Training:\u00a0<strong>BH<\/strong><br \/>Dysplasia:\u00a0<strong>( Polskie ) HD &#8211; B , ED &#8211; normal<\/strong><\/p>\n<p>Lineage:<\/p>\n<table class=\"enola_rod\" border=\"1\" cellspacing=\"0\" cellpadding=\"0\">\n<tbody>\n<tr>\n<td class=\"head\"><span style=\"color: #660000;\">Parents<\/span><\/td>\n<td class=\"head\"><span style=\"color: #660000;\">Grandparents<\/span><\/td>\n<td class=\"head\"><span style=\"color: #660000;\">Great-grandparents<\/span><\/td>\n<\/tr>\n<tr>\n<td rowspan=\"4\"><span style=\"color: #0000ff;\"><b>KJUWEL vom Haus Tchorz (FCI)<\/b><\/span><\/td>\n<td rowspan=\"2\">FIGO vom Nordteich<\/td>\n<td>REMO vom Fichtenschlag<\/td>\n<\/tr>\n<tr>\n<td>AIDA vom Nordieich<\/td>\n<\/tr>\n<tr>\n<td rowspan=\"2\">WARRINKA vom Haus Tchorz (FCI)<\/td>\n<td>FRITZ vom Kuckucksland<\/td>\n<\/tr>\n<tr>\n<td>DESSA von Haus Arnemann<\/td>\n<\/tr>\n<tr>\n<td rowspan=\"4\"><span style=\"color: #ff00ff;\"><b>BORA Jarkowski Dw\u00f3r<\/b><\/span><\/td>\n<td rowspan=\"2\">QUENN vom loher weg<\/td>\n<td>URAN vom moorbeck<\/td>\n<\/tr>\n<tr>\n<td>ELSA vom kuckucksland<\/td>\n<\/tr>\n<tr>\n<td rowspan=\"2\">SANDRA vitaxis<\/td>\n<td>VEGAS du haut mansard<\/td>\n<\/tr>\n<tr>\n<td>WARIANKA vitaxis<\/td>\n<\/tr>\n<\/tbody>\n<\/table>\n<p>[\/et_pb_text][\/et_pb_column][et_pb_column type=&#8221;1_2&#8243; _builder_version=&#8221;4.6.1&#8243; _module_preset=&#8221;default&#8221; custom_padding=&#8221;175px||||false|false&#8221; custom_padding_tablet=&#8221;0px||||false|false&#8221; custom_padding_phone=&#8221;&#8221; custom_padding_last_edited=&#8221;on|desktop&#8221;][et_pb_image src=&#8221;https:\/\/www.pajeczesieci.pl\/wp-content\/uploads\/2020\/11\/sarea1.jpg&#8221; title_text=&#8221;sarea1&#8243; show_in_lightbox=&#8221;on&#8221; disabled_on=&#8221;off|off|off&#8221; _builder_version=&#8221;4.6.1&#8243; _module_preset=&#8221;default&#8221;][\/et_pb_image][\/et_pb_column][\/et_pb_row][et_pb_row column_structure=&#8221;1_2,1_2&#8243; _builder_version=&#8221;4.6.1&#8243; _module_preset=&#8221;default&#8221;][et_pb_column type=&#8221;1_2&#8243; _builder_version=&#8221;4.6.1&#8243; _module_preset=&#8221;default&#8221;][et_pb_text disabled_on=&#8221;off|off|off&#8221; _builder_version=&#8221;4.6.1&#8243; _module_preset=&#8221;default&#8221;]<\/p>\n<h2>Achievements:<\/h2>\n<p><span>1. 27.05.2017 &#8211; Wystawa Owczark\u00f3w Niemieckich &#8211; \u015aWIERKLANIEC<\/span><span><\/span><br \/> <span>ocena: dobra, lokata: 8, zwyci\u0119zca m\u0142odzie\u017cy, CWC,<\/span><span>\u00a0s\u0119dzia: Lutz Wischalla<\/span><\/p>\n<p><span>2. 16.06.2018 &#8211; Krajowa Wystawa Ps\u00f3w Rasowych &#8211; KRAK\u00d3W<br \/> ocena: doskona\u0142a, lokata: 2, s\u0119dzia: Iwona Madziarska<\/span><\/p>\n<p>3<span>. 17.06.2018 &#8211; Mi\u0119dzynarodowa Wystawa Ps\u00f3w Rasowych &#8211; KRAK\u00d3W<br \/> ocena: doskona\u0142a, lokata: 3, s\u0119dzia: Juraj Staudinger<\/span><\/p>\n<p><span>4. 30.06.2019 &#8211; Mi\u0119dzynarodowa Wystawa Ps\u00f3w Rasowych &#8211; KRAK\u00d3W<br \/> ocena: doskona\u0142a, lokata: 3, s\u0119dzia: Zsolt Biro<\/span><\/p>\n<p><span><\/span><\/p>\n<p><span><\/span><\/p>\n<p><span><\/span><\/p>\n<p><span><\/span><\/p>\n<p><span><\/span><\/p>\n<p><span><\/span><\/p>\n<p>&nbsp;<\/p>\n<p>[\/et_pb_text][\/et_pb_column][et_pb_column type=&#8221;1_2&#8243; _builder_version=&#8221;4.6.1&#8243; _module_preset=&#8221;default&#8221;][et_pb_image src=&#8221;https:\/\/www.pajeczesieci.pl\/wp-content\/uploads\/2020\/11\/sara2.jpg&#8221; title_text=&#8221;sara2&#8243; show_in_lightbox=&#8221;on&#8221; disabled_on=&#8221;off|off|off&#8221; _builder_version=&#8221;4.6.1&#8243; _module_preset=&#8221;default&#8221;][\/et_pb_image][\/et_pb_column][\/et_pb_row][\/et_pb_section]<\/p>\n","protected":false},"excerpt":{"rendered":"<p>Sara Jarkowski Dw\u00f3r Born: 22.03.2016Training:\u00a0BHDysplasia:\u00a0( Polskie ) HD &#8211; B , ED &#8211; normal Lineage: Parents Grandparents Great-grandparents KJUWEL vom Haus Tchorz (FCI) FIGO vom Nordteich REMO vom Fichtenschlag AIDA vom Nordieich WARRINKA vom Haus Tchorz (FCI) FRITZ vom Kuckucksland DESSA von Haus Arnemann BORA Jarkowski Dw\u00f3r QUENN vom loher weg URAN vom moorbeck ELSA [&hellip;]<\/p>\n","protected":false},"author":1,"featured_media":0,"parent":984,"menu_order":0,"comment_status":"closed","ping_status":"closed","template":"","meta":{"_et_pb_use_builder":"on","_et_pb_old_content":"","_et_gb_content_width":""},"yoast_head":"<!-- This site is optimized with the Yoast SEO plugin v16.1.1 - https:\/\/yoast.com\/wordpress\/plugins\/seo\/ -->\n<title>Sara Jarkowski Dw\u00f3r - PajeczeSieci<\/title>\n<meta name=\"robots\" content=\"index, follow, max-snippet:-1, max-image-preview:large, max-video-preview:-1\" \/>\n<link rel=\"canonical\" href=\"https:\/\/pajeczesieci.pl\/female-dogs\/sara-jarkowski-dwor\/\" \/>\n<meta property=\"og:locale\" content=\"pl_PL\" \/>\n<meta property=\"og:type\" content=\"article\" \/>\n<meta property=\"og:title\" content=\"Sara Jarkowski Dw\u00f3r - PajeczeSieci\" \/>\n<meta property=\"og:description\" content=\"Sara Jarkowski Dw\u00f3r Born: 22.03.2016Training:\u00a0BHDysplasia:\u00a0( Polskie ) HD - B , ED - normal Lineage: Parents Grandparents Great-grandparents KJUWEL vom Haus Tchorz (FCI) FIGO vom Nordteich REMO vom Fichtenschlag AIDA vom Nordieich WARRINKA vom Haus Tchorz (FCI) FRITZ vom Kuckucksland DESSA von Haus Arnemann BORA Jarkowski Dw\u00f3r QUENN vom loher weg URAN vom moorbeck ELSA [&hellip;]\" \/>\n<meta property=\"og:url\" content=\"https:\/\/pajeczesieci.pl\/en\/female-dogs\/sara-jarkowski-dwor\/\" \/>\n<meta property=\"og:site_name\" content=\"PajeczeSieci\" \/>\n<meta property=\"article:modified_time\" content=\"2020-11-28T13:52:17+00:00\" \/>\n<meta name=\"twitter:card\" content=\"summary_large_image\" \/>\n<meta name=\"twitter:label1\" content=\"Szacowany czas czytania\">\n\t<meta name=\"twitter:data1\" content=\"2 minuty\">\n<script type=\"application\/ld+json\" class=\"yoast-schema-graph\">{\"@context\":\"https:\/\/schema.org\",\"@graph\":[{\"@type\":\"Organization\",\"@id\":\"https:\/\/pajeczesieci.pl\/#organization\",\"name\":\"Hodowla kr\\u00f3tkow\\u0142osych owczark\\u00f3w niemieckich Paj\\u0119cze Sieci\",\"url\":\"https:\/\/pajeczesieci.pl\/\",\"sameAs\":[],\"logo\":{\"@type\":\"ImageObject\",\"@id\":\"https:\/\/pajeczesieci.pl\/#logo\",\"inLanguage\":\"pl-PL\",\"url\":\"https:\/\/www.pajeczesieci.pl\/wp-content\/uploads\/2020\/11\/pajecze_sieci_640x640.png\",\"contentUrl\":\"https:\/\/www.pajeczesieci.pl\/wp-content\/uploads\/2020\/11\/pajecze_sieci_640x640.png\",\"width\":640,\"height\":640,\"caption\":\"Hodowla kr\\u00f3tkow\\u0142osych owczark\\u00f3w niemieckich Paj\\u0119cze Sieci\"},\"image\":{\"@id\":\"https:\/\/pajeczesieci.pl\/#logo\"}},{\"@type\":\"WebSite\",\"@id\":\"https:\/\/pajeczesieci.pl\/#website\",\"url\":\"https:\/\/pajeczesieci.pl\/\",\"name\":\"PajeczeSieci\",\"description\":\"Kolejna witryna WordPress\",\"publisher\":{\"@id\":\"https:\/\/pajeczesieci.pl\/#organization\"},\"potentialAction\":[{\"@type\":\"SearchAction\",\"target\":\"https:\/\/pajeczesieci.pl\/?s={search_term_string}\",\"query-input\":\"required name=search_term_string\"}],\"inLanguage\":\"pl-PL\"},{\"@type\":\"WebPage\",\"@id\":\"https:\/\/pajeczesieci.pl\/en\/female-dogs\/sara-jarkowski-dwor\/#webpage\",\"url\":\"https:\/\/pajeczesieci.pl\/en\/female-dogs\/sara-jarkowski-dwor\/\",\"name\":\"Sara Jarkowski Dw\\u00f3r - PajeczeSieci\",\"isPartOf\":{\"@id\":\"https:\/\/pajeczesieci.pl\/#website\"},\"datePublished\":\"2020-11-08T19:13:15+00:00\",\"dateModified\":\"2020-11-28T13:52:17+00:00\",\"breadcrumb\":{\"@id\":\"https:\/\/pajeczesieci.pl\/en\/female-dogs\/sara-jarkowski-dwor\/#breadcrumb\"},\"inLanguage\":\"pl-PL\",\"potentialAction\":[{\"@type\":\"ReadAction\",\"target\":[\"https:\/\/pajeczesieci.pl\/en\/female-dogs\/sara-jarkowski-dwor\/\"]}]},{\"@type\":\"BreadcrumbList\",\"@id\":\"https:\/\/pajeczesieci.pl\/en\/female-dogs\/sara-jarkowski-dwor\/#breadcrumb\",\"itemListElement\":[{\"@type\":\"ListItem\",\"position\":1,\"item\":{\"@type\":\"WebPage\",\"@id\":\"https:\/\/pajeczesieci.pl\/\",\"url\":\"https:\/\/pajeczesieci.pl\/\",\"name\":\"Hodowla owczark\\u00f3w niemieckich\"}},{\"@type\":\"ListItem\",\"position\":2,\"item\":{\"@type\":\"WebPage\",\"@id\":\"https:\/\/pajeczesieci.pl\/nasze-suki\/\",\"url\":\"https:\/\/pajeczesieci.pl\/nasze-suki\/\",\"name\":\"Female dogs\"}},{\"@type\":\"ListItem\",\"position\":3,\"item\":{\"@type\":\"WebPage\",\"@id\":\"https:\/\/pajeczesieci.pl\/en\/female-dogs\/sara-jarkowski-dwor\/\",\"url\":\"https:\/\/pajeczesieci.pl\/en\/female-dogs\/sara-jarkowski-dwor\/\",\"name\":\"Sara Jarkowski Dw\\u00f3r\"}}]}]}<\/script>\n<!-- \/ Yoast SEO plugin. -->","_links":{"self":[{"href":"https:\/\/pajeczesieci.pl\/en\/wp-json\/wp\/v2\/pages\/1047\/"}],"collection":[{"href":"https:\/\/pajeczesieci.pl\/en\/wp-json\/wp\/v2\/pages\/"}],"about":[{"href":"https:\/\/pajeczesieci.pl\/en\/wp-json\/wp\/v2\/types\/page\/"}],"author":[{"embeddable":true,"href":"https:\/\/pajeczesieci.pl\/en\/wp-json\/wp\/v2\/users\/1\/"}],"replies":[{"embeddable":true,"href":"https:\/\/pajeczesieci.pl\/en\/wp-json\/wp\/v2\/comments\/?post=1047"}],"version-history":[{"count":2,"href":"https:\/\/pajeczesieci.pl\/en\/wp-json\/wp\/v2\/pages\/1047\/revisions\/"}],"predecessor-version":[{"id":1050,"href":"https:\/\/pajeczesieci.pl\/en\/wp-json\/wp\/v2\/pages\/1047\/revisions\/1050\/"}],"up":[{"embeddable":true,"href":"https:\/\/pajeczesieci.pl\/en\/wp-json\/wp\/v2\/pages\/984\/"}],"wp:attachment":[{"href":"https:\/\/pajeczesieci.pl\/en\/wp-json\/wp\/v2\/media\/?parent=1047"}],"curies":[{"name":"wp","href":"https:\/\/api.w.org\/{rel}","templated":true}]}}