{"id":965,"date":"2020-10-29T00:38:04","date_gmt":"2020-10-28T22:38:04","guid":{"rendered":"https:\/\/www.pajeczesieci.pl\/na-sprzedaz\/"},"modified":"2021-07-05T21:15:39","modified_gmt":"2021-07-05T19:15:39","slug":"for-sell","status":"publish","type":"page","link":"https:\/\/pajeczesieci.pl\/en\/for-sell\/","title":{"rendered":"for sell"},"content":{"rendered":"<p>[et_pb_section fb_built=&#8221;1&#8243; _builder_version=&#8221;4.6.1&#8243; _module_preset=&#8221;default&#8221; custom_padding=&#8221;0px|||||&#8221;][et_pb_row column_structure=&#8221;1_2,1_2&#8243; _builder_version=&#8221;4.6.1&#8243; _module_preset=&#8221;default&#8221;][et_pb_column type=&#8221;1_2&#8243; _builder_version=&#8221;4.6.1&#8243; _module_preset=&#8221;default&#8221;][et_pb_text _builder_version=&#8221;4.6.1&#8243; _module_preset=&#8221;default&#8221; header_text_align=&#8221;center&#8221; hover_enabled=&#8221;0&#8243; sticky_enabled=&#8221;0&#8243;]<\/p>\n<h1>For sell<\/h1>\n<p><strong>1. Puppies were born 29.06.2021 after the following parents:<br \/> father: <span>MAX Goldberg Krak\u00f3w<\/span> (<a href=\"http:\/\/www.pedigreedatabase.com\/german_shepherd_dog\/dog.html?id=2796192-max-goldberg-krakow\" target=\"_blank\" rel=\"noopener noreferrer\">see lineage<\/a>)<br \/> <\/strong><\/p>\n<p>[\/et_pb_text][et_pb_gallery gallery_ids=&#8221;1352&#8243; posts_number=&#8221;8&#8243; show_title_and_caption=&#8221;off&#8221; show_pagination=&#8221;off&#8221; disabled_on=&#8221;off|off|off&#8221; _builder_version=&#8221;4.6.1&#8243; _module_preset=&#8221;default&#8221; hover_enabled=&#8221;0&#8243; sticky_enabled=&#8221;0&#8243;][\/et_pb_gallery][\/et_pb_column][et_pb_column type=&#8221;1_2&#8243; _builder_version=&#8221;4.6.1&#8243; _module_preset=&#8221;default&#8221;][et_pb_text _builder_version=&#8221;4.6.1&#8243; _module_preset=&#8221;default&#8221; header_text_align=&#8221;center&#8221; custom_padding=&#8221;8px|||||&#8221; hover_enabled=&#8221;0&#8243; sticky_enabled=&#8221;0&#8243;]<strong><br \/>\nmother: <a href=\"https:\/\/www.pajeczesieci.pl\/nasze-suki\/ulisse\/\">ULISSE Maserau<\/a> (<a href=\"https:\/\/www.pajeczesieci.pl\/nasze-suki\/ulisse\/\" target=\"_blank\" rel=\"noopener noreferrer\">see lineage<\/a>)<\/strong><\/p>\n<p>8 puupies (3 male, 5 female)[\/et_pb_text][et_pb_gallery gallery_ids=&#8221;442&#8243; posts_number=&#8221;8&#8243; show_title_and_caption=&#8221;off&#8221; show_pagination=&#8221;off&#8221; disabled_on=&#8221;off|off|off&#8221; _builder_version=&#8221;4.6.1&#8243; _module_preset=&#8221;default&#8221; hover_enabled=&#8221;0&#8243; sticky_enabled=&#8221;0&#8243;][\/et_pb_gallery][\/et_pb_column][\/et_pb_row][et_pb_row _builder_version=&#8221;4.6.1&#8243; _module_preset=&#8221;default&#8221; disabled_on=&#8221;on|on|on&#8221; disabled=&#8221;on&#8221;][et_pb_column type=&#8221;4_4&#8243; _builder_version=&#8221;4.6.1&#8243; _module_preset=&#8221;default&#8221;][et_pb_gallery gallery_ids=&#8221;211&#8243; show_title_and_caption=&#8221;off&#8221; show_pagination=&#8221;off&#8221; _builder_version=&#8221;4.6.1&#8243; _module_preset=&#8221;default&#8221;][\/et_pb_gallery][\/et_pb_column][\/et_pb_row][et_pb_row _builder_version=&#8221;4.6.1&#8243; _module_preset=&#8221;default&#8221;][et_pb_column type=&#8221;4_4&#8243; _builder_version=&#8221;4.6.1&#8243; _module_preset=&#8221;default&#8221;][et_pb_text _builder_version=&#8221;4.6.1&#8243; _module_preset=&#8221;default&#8221;]<\/p>\n<p>Please contact us by phone.\u00a0<strong><a href=\"tel:+48668%20173 044\">668\u00a0 173\u00a0 044<\/a><\/strong><\/p>\n<p>[\/et_pb_text][\/et_pb_column][\/et_pb_row][\/et_pb_section][et_pb_section fb_built=&#8221;1&#8243; _builder_version=&#8221;4.6.1&#8243; _module_preset=&#8221;default&#8221; custom_padding=&#8221;0px|||||&#8221; disabled_on=&#8221;on|on|on&#8221; disabled=&#8221;on&#8221;][et_pb_row column_structure=&#8221;1_2,1_2&#8243; _builder_version=&#8221;4.6.1&#8243; _module_preset=&#8221;default&#8221; disabled_on=&#8221;off|off|off&#8221;][et_pb_column type=&#8221;1_2&#8243; _builder_version=&#8221;4.6.1&#8243; _module_preset=&#8221;default&#8221;][et_pb_text _builder_version=&#8221;4.6.1&#8243; _module_preset=&#8221;default&#8221; header_text_align=&#8221;center&#8221;]<\/p>\n<h1>For sell<\/h1>\n<p><strong>1. Puppies were born 06.02.2021 after the following parents:<br \/> father: CALISTO von Gran Peregrino (FCI) (<a href=\"https:\/\/www.pajeczesieci.pl\/wp-content\/uploads\/2021\/01\/rodowod-CALISTO-von-Gran-Peregrino.jpg\" target=\"_blank\" rel=\"noopener noreferrer\">see lineage<\/a>)<br \/> <\/strong><\/p>\n<p>[\/et_pb_text][et_pb_gallery gallery_ids=&#8221;1099,1104&#8243; posts_number=&#8221;8&#8243; orientation=&#8221;portrait&#8221; show_title_and_caption=&#8221;off&#8221; show_pagination=&#8221;off&#8221; disabled_on=&#8221;off|off|off&#8221; _builder_version=&#8221;4.6.1&#8243; _module_preset=&#8221;default&#8221;][\/et_pb_gallery][\/et_pb_column][et_pb_column type=&#8221;1_2&#8243; _builder_version=&#8221;4.6.1&#8243; _module_preset=&#8221;default&#8221;][et_pb_text _builder_version=&#8221;4.6.1&#8243; _module_preset=&#8221;default&#8221; header_text_align=&#8221;center&#8221; custom_padding=&#8221;8px|||||&#8221;]<\/p>\n<p><strong><br \/> mother: ELZA Paj\u0119cze sieci (<a href=\"https:\/\/www.pajeczesieci.pl\/nasze-suki\/elza-pajecze-sieci\/\" target=\"_blank\" rel=\"noopener noreferrer\">see lineage<\/a>)<\/strong><\/p>\n<p>8 puppies (4 female, 4 male)<\/p>\n<p>[\/et_pb_text][et_pb_gallery gallery_ids=&#8221;1213&#8243; posts_number=&#8221;8&#8243; show_title_and_caption=&#8221;off&#8221; show_pagination=&#8221;off&#8221; disabled_on=&#8221;off|off|off&#8221; _builder_version=&#8221;4.6.1&#8243; _module_preset=&#8221;default&#8221;][\/et_pb_gallery][\/et_pb_column][\/et_pb_row][et_pb_row _builder_version=&#8221;4.6.1&#8243; _module_preset=&#8221;default&#8221;][et_pb_column type=&#8221;4_4&#8243; _builder_version=&#8221;4.6.1&#8243; _module_preset=&#8221;default&#8221;][et_pb_gallery gallery_ids=&#8221;1271,1273,1275&#8243; show_title_and_caption=&#8221;off&#8221; show_pagination=&#8221;off&#8221; _builder_version=&#8221;4.6.1&#8243; _module_preset=&#8221;default&#8221;][\/et_pb_gallery][\/et_pb_column][\/et_pb_row][et_pb_row _builder_version=&#8221;4.6.1&#8243; _module_preset=&#8221;default&#8221;][et_pb_column type=&#8221;4_4&#8243; _builder_version=&#8221;4.6.1&#8243; _module_preset=&#8221;default&#8221;][et_pb_text _builder_version=&#8221;4.6.1&#8243; _module_preset=&#8221;default&#8221;]<\/p>\n<p>Please contact us by phone.\u00a0<strong><a href=\"tel:+48668%20173 044\">668\u00a0 173\u00a0 044<\/a><\/strong><\/p>\n<p>[\/et_pb_text][\/et_pb_column][\/et_pb_row][\/et_pb_section]<\/p>\n","protected":false},"excerpt":{"rendered":"<p>For sell 1. Puppies were born 29.06.2021 after the following parents: father: MAX Goldberg Krak\u00f3w (see lineage) mother: ULISSE Maserau (see lineage) 8 puupies (3 male, 5 female)Please contact us by phone.\u00a0668\u00a0 173\u00a0 044For sell 1. Puppies were born 06.02.2021 after the following parents: father: CALISTO von Gran Peregrino (FCI) (see lineage) mother: ELZA Paj\u0119cze [&hellip;]<\/p>\n","protected":false},"author":1,"featured_media":0,"parent":0,"menu_order":0,"comment_status":"closed","ping_status":"closed","template":"","meta":{"_et_pb_use_builder":"on","_et_pb_old_content":"","_et_gb_content_width":""},"yoast_head":"<!-- This site is optimized with the Yoast SEO plugin v16.1.1 - https:\/\/yoast.com\/wordpress\/plugins\/seo\/ -->\n<title>Owczarek niemiecki kr\u00f3tkow\u0142osy na sprzeda\u017c - PajeczeSieci<\/title>\n<meta name=\"robots\" content=\"index, follow, max-snippet:-1, max-image-preview:large, max-video-preview:-1\" \/>\n<link rel=\"canonical\" href=\"https:\/\/pajeczesieci.pl\/na-sprzedaz\/\" \/>\n<meta property=\"og:locale\" content=\"pl_PL\" \/>\n<meta property=\"og:type\" content=\"article\" \/>\n<meta property=\"og:title\" content=\"Owczarek niemiecki kr\u00f3tkow\u0142osy na sprzeda\u017c - PajeczeSieci\" \/>\n<meta property=\"og:description\" content=\"For sell 1. Puppies were born 29.06.2021 after the following parents: father: MAX Goldberg Krak\u00f3w (see lineage) mother: ULISSE Maserau (see lineage) 8 puupies (3 male, 5 female)Please contact us by phone.\u00a0668\u00a0 173\u00a0 044For sell 1. Puppies were born 06.02.2021 after the following parents: father: CALISTO von Gran Peregrino (FCI) (see lineage) mother: ELZA Paj\u0119cze [&hellip;]\" \/>\n<meta property=\"og:url\" content=\"https:\/\/pajeczesieci.pl\/na-sprzedaz\/\" \/>\n<meta property=\"og:site_name\" content=\"PajeczeSieci\" \/>\n<meta property=\"article:modified_time\" content=\"2021-07-05T19:15:39+00:00\" \/>\n<meta name=\"twitter:card\" content=\"summary_large_image\" \/>\n<meta name=\"twitter:label1\" content=\"Szacowany czas czytania\">\n\t<meta name=\"twitter:data1\" content=\"3 minuty\">\n<script type=\"application\/ld+json\" class=\"yoast-schema-graph\">{\"@context\":\"https:\/\/schema.org\",\"@graph\":[{\"@type\":\"Organization\",\"@id\":\"https:\/\/pajeczesieci.pl\/#organization\",\"name\":\"Hodowla kr\\u00f3tkow\\u0142osych owczark\\u00f3w niemieckich Paj\\u0119cze Sieci\",\"url\":\"https:\/\/pajeczesieci.pl\/\",\"sameAs\":[],\"logo\":{\"@type\":\"ImageObject\",\"@id\":\"https:\/\/pajeczesieci.pl\/#logo\",\"inLanguage\":\"pl-PL\",\"url\":\"https:\/\/www.pajeczesieci.pl\/wp-content\/uploads\/2020\/11\/pajecze_sieci_640x640.png\",\"contentUrl\":\"https:\/\/www.pajeczesieci.pl\/wp-content\/uploads\/2020\/11\/pajecze_sieci_640x640.png\",\"width\":640,\"height\":640,\"caption\":\"Hodowla kr\\u00f3tkow\\u0142osych owczark\\u00f3w niemieckich Paj\\u0119cze Sieci\"},\"image\":{\"@id\":\"https:\/\/pajeczesieci.pl\/#logo\"}},{\"@type\":\"WebSite\",\"@id\":\"https:\/\/pajeczesieci.pl\/#website\",\"url\":\"https:\/\/pajeczesieci.pl\/\",\"name\":\"PajeczeSieci\",\"description\":\"Kolejna witryna WordPress\",\"publisher\":{\"@id\":\"https:\/\/pajeczesieci.pl\/#organization\"},\"potentialAction\":[{\"@type\":\"SearchAction\",\"target\":\"https:\/\/pajeczesieci.pl\/?s={search_term_string}\",\"query-input\":\"required name=search_term_string\"}],\"inLanguage\":\"pl-PL\"},{\"@type\":\"WebPage\",\"@id\":\"https:\/\/pajeczesieci.pl\/na-sprzedaz\/#webpage\",\"url\":\"https:\/\/pajeczesieci.pl\/na-sprzedaz\/\",\"name\":\"Owczarek niemiecki kr\\u00f3tkow\\u0142osy na sprzeda\\u017c - PajeczeSieci\",\"isPartOf\":{\"@id\":\"https:\/\/pajeczesieci.pl\/#website\"},\"datePublished\":\"2020-10-28T22:38:04+00:00\",\"dateModified\":\"2021-07-05T19:15:39+00:00\",\"breadcrumb\":{\"@id\":\"https:\/\/pajeczesieci.pl\/na-sprzedaz\/#breadcrumb\"},\"inLanguage\":\"pl-PL\",\"potentialAction\":[{\"@type\":\"ReadAction\",\"target\":[\"https:\/\/pajeczesieci.pl\/na-sprzedaz\/\"]}]},{\"@type\":\"BreadcrumbList\",\"@id\":\"https:\/\/pajeczesieci.pl\/na-sprzedaz\/#breadcrumb\",\"itemListElement\":[{\"@type\":\"ListItem\",\"position\":1,\"item\":{\"@type\":\"WebPage\",\"@id\":\"https:\/\/pajeczesieci.pl\/\",\"url\":\"https:\/\/pajeczesieci.pl\/\",\"name\":\"Hodowla owczark\\u00f3w niemieckich\"}},{\"@type\":\"ListItem\",\"position\":2,\"item\":{\"@type\":\"WebPage\",\"@id\":\"https:\/\/pajeczesieci.pl\/na-sprzedaz\/\",\"url\":\"https:\/\/pajeczesieci.pl\/na-sprzedaz\/\",\"name\":\"for sell\"}}]}]}<\/script>\n<!-- \/ Yoast SEO plugin. -->","_links":{"self":[{"href":"https:\/\/pajeczesieci.pl\/en\/wp-json\/wp\/v2\/pages\/965\/"}],"collection":[{"href":"https:\/\/pajeczesieci.pl\/en\/wp-json\/wp\/v2\/pages\/"}],"about":[{"href":"https:\/\/pajeczesieci.pl\/en\/wp-json\/wp\/v2\/types\/page\/"}],"author":[{"embeddable":true,"href":"https:\/\/pajeczesieci.pl\/en\/wp-json\/wp\/v2\/users\/1\/"}],"replies":[{"embeddable":true,"href":"https:\/\/pajeczesieci.pl\/en\/wp-json\/wp\/v2\/comments\/?post=965"}],"version-history":[{"count":11,"href":"https:\/\/pajeczesieci.pl\/en\/wp-json\/wp\/v2\/pages\/965\/revisions\/"}],"predecessor-version":[{"id":1390,"href":"https:\/\/pajeczesieci.pl\/en\/wp-json\/wp\/v2\/pages\/965\/revisions\/1390\/"}],"wp:attachment":[{"href":"https:\/\/pajeczesieci.pl\/en\/wp-json\/wp\/v2\/media\/?parent=965"}],"curies":[{"name":"wp","href":"https:\/\/api.w.org\/{rel}","templated":true}]}}